{"id":3499,"date":"2016-02-25T14:22:05","date_gmt":"2016-02-25T14:22:05","guid":{"rendered":"https:\/\/travelservicesmalta.com\/\/\/malta-shopping-2\/"},"modified":"2016-04-15T06:28:34","modified_gmt":"2016-04-15T05:28:34","slug":"malta-shopping","status":"publish","type":"page","link":"https:\/\/travelservicesmalta.com\/fr\/malta-gozo-comino\/what-to-do-where-to-go\/malta-shopping\/","title":{"rendered":"Shopping a Malte"},"content":{"rendered":"<h2>Shopping a Malte<\/h2>\n<p>Le shopping \u00e0 Malte peut \u00eatre beaucoup un bon moment de plaisir si vous connaissez les bons endroits o\u00f9 aller. Il y a quelques endroits o\u00f9 de grands adeptes du shopping peuvent s'acquitter de leurs d\u00e9sirs. Le centre commercial de Sliema, The Point, est un lieu nouveau et tr\u00e8s grand o\u00f9 vous pouvez acheter presque tout sans avoir \u00e0 marcher de longues distances. Vous ne trouverez pas des magasins comme H &amp; M ou Primark, mais si vous regardez les p\u00e9riodes de vente vous pourrez trouver la plupart des v\u00eatements \u00e0 des prix tr\u00e8s bas. Pendant le reste de l'ann\u00e9e les prix sont comparables \u00e0 d'autres pays europ\u00e9ens. Un centre plus petit dans Sliema est le centre commercial Plaza, qui offre diff\u00e9rents magasins de v\u00eatements, de livres et de produits alimentaires.<\/p>\n<p>Un autre endroit id\u00e9al pour faire du shopping est le complexe commercial de Bay Street plus \u00e0 l\u2019Est, \u00e0 Paceville, \u00e0 Saint-Julian. Bien qu'il soit de plus petite taille par rapport \u00e0 The Point, vous pouvez toujours trouver une vari\u00e9t\u00e9 de cha\u00eenes internationales de d\u00e9tail, des caf\u00e9t\u00e9rias et des restaurants. Pour un shopping plus extravagant, il y a le complexe commercial Portomaso, \u00e0 proximit\u00e9 de la Tour Hilton \u00e0 Paceville. Il n'y a pas tellement de boutiques, mais celles que vous trouverez sont tr\u00e8s luxueuses.<\/p>\n<p>La capitale de Malte, La Valette, est la plupart du temps associ\u00e9e \u00e0 l'histoire et au patrimoine maltais mais de nos jours la ville est \u00e9galement de plus en plus reconnue pour le shopping et les divertissements que l\u2019on peut y faire. Le complexe commercial Embassy par exemple, offre plusieurs magasins diff\u00e9rents pour les adolescents et les clients d'\u00e2ge m\u00fbr. Le complexe commercial ne r\u00e9pond pas seulement pour les besoins de shopping, mais aussi pour se divertir. Mais \u00e9galement tout en vous promenant le long des rues de La Valette, vous trouverez de nombreux magasins qui offrent des choses pour des besoins diff\u00e9rents.<br \/>\nAimeriez-vous aller faire du shopping un dimanche matin? Il y a un march\u00e9 en plein air \u00e0 La Valette, juste \u00e0 l'ext\u00e9rieur des murs de la ville, qui est le plus grand march\u00e9 \u00e0 Malte. Sur le march\u00e9, vous trouverez plusieurs produits diff\u00e9rents destin\u00e9s \u00e0 \u00eatre vendus comme par exemple des souvenirs typiques maltais. Si \u00e7a ne vous d\u00e9range pas de vous lever t\u00f4t, vous ne devez pas manquer le march\u00e9 aux poissons de Marsaxlokk dans le sud-ouest de Malte ou le march\u00e9 quotidien Il-Tokk \u00e0 Victoria, sur l\u2019\u00eele de Gozo. Vous y trouverez \u00e9galement un march\u00e9 quotidien \u00e0 La Valette \u00e0 Merchant Street. Tous ces march\u00e9s offrent la marchandise typique qui est vendue sur les march\u00e9s du monde entier et permet \u00e9galement de faire une visite.<\/p>\n","protected":false},"excerpt":{"rendered":"Shopping a Malte Le shopping \u00e0 Malte peut \u00eatre beaucoup un bon moment de plaisir si vous connaissez les bons endroits o\u00f9 aller. Il y a quelques endroits o\u00f9 de grands adeptes du shopping peuvent s'acquitter de leurs d\u00e9sirs. Le centre commercial de Sliema, The Point, est un lieu nouveau et tr\u00e8s grand o\u00f9 vous pouvez acheter presque tout sans&nbsp;<a href=\"https:\/\/travelservicesmalta.com\/fr\/malta-gozo-comino\/what-to-do-where-to-go\/malta-shopping\/\" class=\"read-more\">Continue Reading<\/a>","protected":false},"author":1,"featured_media":0,"parent":3526,"menu_order":0,"comment_status":"closed","ping_status":"closed","template":"","meta":{"_acf_changed":false,"footnotes":""},"class_list":["post-3499","page","type-page","status-publish","hentry"],"acf":[],"_links":{"self":[{"href":"https:\/\/travelservicesmalta.com\/fr\/wp-json\/wp\/v2\/pages\/3499","targetHints":{"allow":["GET"]}}],"collection":[{"href":"https:\/\/travelservicesmalta.com\/fr\/wp-json\/wp\/v2\/pages"}],"about":[{"href":"https:\/\/travelservicesmalta.com\/fr\/wp-json\/wp\/v2\/types\/page"}],"author":[{"embeddable":true,"href":"https:\/\/travelservicesmalta.com\/fr\/wp-json\/wp\/v2\/users\/1"}],"replies":[{"embeddable":true,"href":"https:\/\/travelservicesmalta.com\/fr\/wp-json\/wp\/v2\/comments?post=3499"}],"version-history":[{"count":1,"href":"https:\/\/travelservicesmalta.com\/fr\/wp-json\/wp\/v2\/pages\/3499\/revisions"}],"predecessor-version":[{"id":4786,"href":"https:\/\/travelservicesmalta.com\/fr\/wp-json\/wp\/v2\/pages\/3499\/revisions\/4786"}],"up":[{"embeddable":true,"href":"https:\/\/travelservicesmalta.com\/fr\/wp-json\/wp\/v2\/pages\/3526"}],"wp:attachment":[{"href":"https:\/\/travelservicesmalta.com\/fr\/wp-json\/wp\/v2\/media?parent=3499"}],"curies":[{"name":"wp","href":"https:\/\/api.w.org\/{rel}","templated":true}]}}