{"id":3496,"date":"2016-02-25T14:21:27","date_gmt":"2016-02-25T14:21:27","guid":{"rendered":"https:\/\/travelservicesmalta.com\/\/\/family-2\/"},"modified":"2016-03-04T09:11:09","modified_gmt":"2016-03-04T09:11:09","slug":"family","status":"publish","type":"page","link":"https:\/\/travelservicesmalta.com\/fr\/malta-gozo-comino\/what-to-do-where-to-go\/family\/","title":{"rendered":"Famille"},"content":{"rendered":"<h2 class=\"art-PostHeader\">Famille<\/h2>\n<p>Malte est une destination id\u00e9ale pour les familles. D'une part Malte a un climat qui convient aussi bien \u00e0 des gens jeunes qu\u2019aux personnes plus \u00e2g\u00e9es; d'autre part, c\u2019est une destination facile d'acc\u00e8s depuis tous les pays europ\u00e9ens. Les familles peuvent se d\u00e9tendre sur les nombreuses plages, soit sableuses ou rocheuses, se balader dans la belle nature, pique-niquer, visiter les sites touristiques ou profiter du large choix de divertissement.<\/p>\n<p>L'emplacement id\u00e9al pour s\u00e9journer en famille est \u00e0 Mellieha, car il y a la plus grande plage de sable de l'\u00eele et la ville est loin des lieux de vie nocturne comme Paceville. Mellieha et la partie nord de Malte offre un large \u00e9ventail de logements allant d'appartements en location \u00e0 des h\u00f4tels 5 \u00e9toiles avec vue directe sur la plage, ou tranquillement nich\u00e9 dans le centre du village, qui est encore tr\u00e8s proche des plages.<\/p>\n<p>Le nord de Malte est une zone \u00e9loign\u00e9e o\u00f9 l'on peut trouver la paix et des loisirs. Cette zone est isol\u00e9e de l'agitation et du bruit des villes maltaises, mais en louant une voiture ou en utilisant les transports en commun toutes ces vastes options sont \u00e0 port\u00e9e de main, que ce soit une journ\u00e9e de shopping \u00e0 Sliema ou une journ\u00e9e de visites \u00e0 Gozo ou le sud de l'\u00eele.<\/p>\n<p>Pour divertir les enfants, Malte a de grandes possibilit\u00e9s que chaque enfant va adorer:<\/p>\n<h4><strong>Popeye Village<\/strong><\/h4>\n<p>Ce village a \u00e9t\u00e9 construit uniquement pour \u00eatre utilis\u00e9 comme plateau de tournage pour le film Popeye et est maintenant ouvert comme mus\u00e9e \u00e0 ciel ouvert et complexe de divertissement avec des man\u00e8ges, un cin\u00e9ma, des spectacles et des maisons de jeux.<\/p>\n<h4><strong>Splash Water Park et Fun<\/strong><\/h4>\n<p>Ici on peut trouver des diapositives palpitantes de toutes sortes, l'un des plus importants bassins de vague de l'Europe et programme de divertissement.<\/p>\n<h4><strong>Playmobil Fun Park<\/strong><\/h4>\n<p>Un espace int\u00e9rieur et ext\u00e9rieur qui offre beaucoup de jeux pour les enfants. Appr\u00e9ciez le monde des Playmobil dans un environnement g\u00e9nial!<\/p>\n<h4><strong>Melita Trains<\/strong><\/h4>\n<p>Il s'agit d\u2019un train touristique sans rail qui commence sa visite de la ville juste \u00e0 l'ext\u00e9rieur de Mdina, \u00e0 Domus Romana, et le trajet dure environ 30 minutes et informe sur l'histoire et la culture, tandis que les passagers b\u00e9n\u00e9ficient d'une vue \u00e0 couper le souffle.<\/p>\n<h4><strong>Eden Superbowl<\/strong><\/h4>\n<p>Eden Superbowl a un programme d'animations vari\u00e9es ce qui fait de ce bowling une exp\u00e9rience particuli\u00e8re. Ils diffusent les grands \u00e9v\u00e9nements sportifs internationaux, des concerts et ont une vari\u00e9t\u00e9 de jeux vid\u00e9o anciens et nouveaux, une piscine am\u00e9ricain, baby-foot et un bar.<\/p>\n<h4><strong>Ice Magic Malta<\/strong><\/h4>\n<p>Avec les chaussures de patinage, on peut passer un grand jour \u00e0 l'Ice Magic, qui se compose de rev\u00eatements de sol de glace synth\u00e9tique qui ressemble et agit comme de la vraie glace. Il est ouvert uniquement pendant les mois d'hiver.<\/p>\n<h4><strong>Jokers Family Fun<\/strong><\/h4>\n<p>Il s'agit d'un complexe de divertissement pour les familles o\u00f9 elles peuvent choisir parmi de nombreux jeux, machines de jeux, man\u00e8ges et autres installations.<\/p>\n<h4><strong>Mediterreano Marine Park<\/strong><\/h4>\n<p>Un grand parc avec un m\u00e9lange de divertissement et d'\u00e9ducation. Ici on peut apprendre sur les dauphins ou m\u00eame de les toucher, sur les oiseaux tropicaux, des lions de mer et bien plus encore.<\/p>\n<h4><strong>LWS Animals Park<\/strong><\/h4>\n<p>Passer du temps aupr\u00e8s de animaux, les nourrir et les caresser ou passer un certain temps sur le terrain de jeu est une exp\u00e9rience formidable pour les enfants.<\/p>\n","protected":false},"excerpt":{"rendered":"Famille Malte est une destination id\u00e9ale pour les familles. D'une part Malte a un climat qui convient aussi bien \u00e0 des gens jeunes qu\u2019aux personnes plus \u00e2g\u00e9es; d'autre part, c\u2019est une destination facile d'acc\u00e8s depuis tous les pays europ\u00e9ens. Les familles peuvent se d\u00e9tendre sur les nombreuses plages, soit sableuses ou rocheuses, se balader dans la belle nature, pique-niquer, visiter&nbsp;<a href=\"https:\/\/travelservicesmalta.com\/fr\/malta-gozo-comino\/what-to-do-where-to-go\/family\/\" class=\"read-more\">Continue Reading<\/a>","protected":false},"author":1,"featured_media":0,"parent":3526,"menu_order":0,"comment_status":"closed","ping_status":"closed","template":"","meta":{"_acf_changed":false,"footnotes":""},"class_list":["post-3496","page","type-page","status-publish","hentry"],"acf":[],"_links":{"self":[{"href":"https:\/\/travelservicesmalta.com\/fr\/wp-json\/wp\/v2\/pages\/3496","targetHints":{"allow":["GET"]}}],"collection":[{"href":"https:\/\/travelservicesmalta.com\/fr\/wp-json\/wp\/v2\/pages"}],"about":[{"href":"https:\/\/travelservicesmalta.com\/fr\/wp-json\/wp\/v2\/types\/page"}],"author":[{"embeddable":true,"href":"https:\/\/travelservicesmalta.com\/fr\/wp-json\/wp\/v2\/users\/1"}],"replies":[{"embeddable":true,"href":"https:\/\/travelservicesmalta.com\/fr\/wp-json\/wp\/v2\/comments?post=3496"}],"version-history":[{"count":0,"href":"https:\/\/travelservicesmalta.com\/fr\/wp-json\/wp\/v2\/pages\/3496\/revisions"}],"up":[{"embeddable":true,"href":"https:\/\/travelservicesmalta.com\/fr\/wp-json\/wp\/v2\/pages\/3526"}],"wp:attachment":[{"href":"https:\/\/travelservicesmalta.com\/fr\/wp-json\/wp\/v2\/media?parent=3496"}],"curies":[{"name":"wp","href":"https:\/\/api.w.org\/{rel}","templated":true}]}}