{"id":3494,"date":"2016-02-25T14:20:51","date_gmt":"2016-02-25T14:20:51","guid":{"rendered":"https:\/\/travelservicesmalta.com\/\/\/ecotourism-and-agritourism-2\/"},"modified":"2016-04-15T05:44:01","modified_gmt":"2016-04-15T04:44:01","slug":"ecotourism-and-agritourism","status":"publish","type":"page","link":"https:\/\/travelservicesmalta.com\/fr\/malta-gozo-comino\/what-to-do-where-to-go\/ecotourism-and-agritourism\/","title":{"rendered":"Ecotourisme et agritourisme"},"content":{"rendered":"<h2>Ecotourisme et agritourisme<\/h2>\n<p>Aujourd'hui l'\u00e9co-tourisme gagne de plus en plus de popularit\u00e9 pour les touristes du monde entier. Quand on parle de Malte en tant que destination touristique peu de gens associe cette destination \u00e0 la possibilit\u00e9 de faire de l\u2019\u00e9cotourisme, car ce concept a \u00e9t\u00e9 introduit que r\u00e9cemment dans les \u00eeles maltaises. N\u00e9anmoins, il y a des offres tr\u00e8s int\u00e9ressantes dans ce secteur \u00e0 Malte, qui devrait \u00eatre prises en consid\u00e9ration lors de la planification des vacances \u00e0 Malte.<\/p>\n<p>Une combinaison de la conservation, la pr\u00e9servation et des visites \u00e9ducatives sont propos\u00e9es \u00e0 travers des promenades et des visites de sites naturels combinant la culture, la tradition et l'histoire des diff\u00e9rents sites visit\u00e9s. On peut \u00e0 la fois faire des promenades \u00e0 travers la nature et en apprendre davantage sur la flore et la faune et les caract\u00e9ristiques g\u00e9ologiques de Malte ou s'engager dans l'exploration des proc\u00e9dures de r\u00e9colte de sel \u00e0 Malte, visiter les petits vignobles r\u00e9partis sur les \u00eeles ou voir comment le miel est fait \u00e0 Malte. Les guides \u00e9duqu\u00e9s pour les diff\u00e9rents ecotours sont en mesure d'expliquer les faune et flore diversifi\u00e9es qui se trouvent sur les \u00eeles et leur importance pour la soci\u00e9t\u00e9 au fil des ann\u00e9es.<br \/>\nL\u2019agritourisme a \u00e9galement commenc\u00e9 \u00e0 se d\u00e9velopper, ici on a la possibilit\u00e9 d'assister \u00e0 l\u2019agriculture traditionnelle pratiqu\u00e9e dans de nombreuses fermes \u00e0 l'\u00e9cart et de savourer la cuisine rurale pr\u00e9par\u00e9e par l'agriculteur local.<\/p>\n<p>Les h\u00f4tels et les moyens de transport sont \u00e9galement constamment mis \u00e0 jour sur les \u00eeles maltaises afin de r\u00e9duire les \u00e9missions de CO2 et d'\u00eatre en mesure de cr\u00e9er une exp\u00e9rience touristique \u00e9cologiquement durable.<\/p>\n","protected":false},"excerpt":{"rendered":"Ecotourisme et agritourisme Aujourd'hui l'\u00e9co-tourisme gagne de plus en plus de popularit\u00e9 pour les touristes du monde entier. Quand on parle de Malte en tant que destination touristique peu de gens associe cette destination \u00e0 la possibilit\u00e9 de faire de l\u2019\u00e9cotourisme, car ce concept a \u00e9t\u00e9 introduit que r\u00e9cemment dans les \u00eeles maltaises. N\u00e9anmoins, il y a des offres tr\u00e8s&nbsp;<a href=\"https:\/\/travelservicesmalta.com\/fr\/malta-gozo-comino\/what-to-do-where-to-go\/ecotourism-and-agritourism\/\" class=\"read-more\">Continue Reading<\/a>","protected":false},"author":1,"featured_media":0,"parent":3526,"menu_order":0,"comment_status":"closed","ping_status":"closed","template":"","meta":{"_acf_changed":false,"footnotes":""},"class_list":["post-3494","page","type-page","status-publish","hentry"],"acf":[],"_links":{"self":[{"href":"https:\/\/travelservicesmalta.com\/fr\/wp-json\/wp\/v2\/pages\/3494","targetHints":{"allow":["GET"]}}],"collection":[{"href":"https:\/\/travelservicesmalta.com\/fr\/wp-json\/wp\/v2\/pages"}],"about":[{"href":"https:\/\/travelservicesmalta.com\/fr\/wp-json\/wp\/v2\/types\/page"}],"author":[{"embeddable":true,"href":"https:\/\/travelservicesmalta.com\/fr\/wp-json\/wp\/v2\/users\/1"}],"replies":[{"embeddable":true,"href":"https:\/\/travelservicesmalta.com\/fr\/wp-json\/wp\/v2\/comments?post=3494"}],"version-history":[{"count":1,"href":"https:\/\/travelservicesmalta.com\/fr\/wp-json\/wp\/v2\/pages\/3494\/revisions"}],"predecessor-version":[{"id":4763,"href":"https:\/\/travelservicesmalta.com\/fr\/wp-json\/wp\/v2\/pages\/3494\/revisions\/4763"}],"up":[{"embeddable":true,"href":"https:\/\/travelservicesmalta.com\/fr\/wp-json\/wp\/v2\/pages\/3526"}],"wp:attachment":[{"href":"https:\/\/travelservicesmalta.com\/fr\/wp-json\/wp\/v2\/media?parent=3494"}],"curies":[{"name":"wp","href":"https:\/\/api.w.org\/{rel}","templated":true}]}}