{"id":3487,"date":"2016-02-25T14:20:31","date_gmt":"2016-02-25T14:20:31","guid":{"rendered":"https:\/\/travelservicesmalta.com\/\/\/carnival-festas-2\/"},"modified":"2016-03-03T14:20:58","modified_gmt":"2016-03-03T14:20:58","slug":"carnival-festas","status":"publish","type":"page","link":"https:\/\/travelservicesmalta.com\/fr\/malta-gozo-comino\/what-to-do-where-to-go\/carnival-festas\/","title":{"rendered":"Carnaval et f\u00eates"},"content":{"rendered":"<h2 class=\"art-PostHeader\">Carnaval et f\u00eates<\/h2>\n<h4><strong>Le Carnaval de Malte<\/strong><\/h4>\n<p>Le Carnaval de Malte a lieu chaque ann\u00e9e \u00e0 la fin du mois de F\u00e9vrier. L'histoire du Carnaval remonte au 16\u00e8me si\u00e8cle. La c\u00e9l\u00e9bration a lieu sur les \u00eeles maltaises et il est certainement l'un des \u00e9v\u00e9nements \u00e0 ne pas manquer. Le c\u0153ur du carnaval est situ\u00e9 \u00e0 La Valette et Floriana, mais il est \u00e9galement c\u00e9l\u00e9br\u00e9 \u00e0 Gozo, o\u00f9 de nombreuses personnes en particulier les jeunes affluent le week-end. Partout dans les rues, les gens sont habill\u00e9s tr\u00e8s color\u00e9 et des parades sp\u00e9ciales d\u00e9filent \u00e0 travers les rues et divertissent les foules avec de la musique et de la danse. Vous pouvez soit juste admirer les costumes multiples ou rejoindre la foule. Les carnavals de Malte et Gozo diff\u00e8rent les uns des autres. Alors que le Carnaval \u00e0 Malte a beaucoup de diff\u00e9rentes couleurs vives et est devenu un grand jour pour toute la famille, le carnaval de Gozo est plus pour les jeunes adultes qui veulent passer une nuit de f\u00eate et qui abordent des th\u00e8mes plus sombres et plus dans les rues de l'ancien village de Nadur.<\/p>\n<h4><strong>F\u00eates<\/strong><\/h4>\n<p>Depuis que Malte est un pays tr\u00e8s catholique, il y a beaucoup de f\u00eates r\u00e9parties sur de nombreux\u00a0 week-ends en particulier au cours des mois de Mai \u00e0 Septembre. Ces f\u00eates sont des c\u00e9l\u00e9brations religieuses organis\u00e9es par l'\u00e9glise, mais en dehors de la partie religieuse de ces f\u00eates, ce sont des jours de joie et de plaisir dans les villages. Habituellement, une f\u00eate maltaise dure pendant au moins 3 jours. Les f\u00eates de village sont organis\u00e9es pour c\u00e9l\u00e9brer le saint patron ou d'autres saints de chaque ville. Par exp\u00e9rience, ces f\u00eates sont tr\u00e8s sp\u00e9ciales parce que les villages o\u00f9 elles ont lieu sont d\u00e9cor\u00e9s de couleurs avec des drapeaux, des statues, des festons et plus encore.<\/p>\n<p>Il y a aussi plusieurs stands qui vendent des produits typiques maltais, tels que le nougat, et de la restauration rapide. De temps en temps, les visiteurs pouvent avoir la chance d'apercevoir l'int\u00e9rieur des maisons traditionnelles maltaises. Les mariages typiquement maltais ou les feux d'artifice au sol qui sont faits au cours de ces f\u00eates rendent ces \u00e9v\u00e8nements encore plus m\u00e9morables.<\/p>\n","protected":false},"excerpt":{"rendered":"Carnaval et f\u00eates Le Carnaval de Malte Le Carnaval de Malte a lieu chaque ann\u00e9e \u00e0 la fin du mois de F\u00e9vrier. L'histoire du Carnaval remonte au 16\u00e8me si\u00e8cle. La c\u00e9l\u00e9bration a lieu sur les \u00eeles maltaises et il est certainement l'un des \u00e9v\u00e9nements \u00e0 ne pas manquer. Le c\u0153ur du carnaval est situ\u00e9 \u00e0 La Valette et Floriana, mais&nbsp;<a href=\"https:\/\/travelservicesmalta.com\/fr\/malta-gozo-comino\/what-to-do-where-to-go\/carnival-festas\/\" class=\"read-more\">Continue Reading<\/a>","protected":false},"author":1,"featured_media":0,"parent":3526,"menu_order":0,"comment_status":"closed","ping_status":"closed","template":"","meta":{"_acf_changed":false,"footnotes":""},"class_list":["post-3487","page","type-page","status-publish","hentry"],"acf":[],"_links":{"self":[{"href":"https:\/\/travelservicesmalta.com\/fr\/wp-json\/wp\/v2\/pages\/3487","targetHints":{"allow":["GET"]}}],"collection":[{"href":"https:\/\/travelservicesmalta.com\/fr\/wp-json\/wp\/v2\/pages"}],"about":[{"href":"https:\/\/travelservicesmalta.com\/fr\/wp-json\/wp\/v2\/types\/page"}],"author":[{"embeddable":true,"href":"https:\/\/travelservicesmalta.com\/fr\/wp-json\/wp\/v2\/users\/1"}],"replies":[{"embeddable":true,"href":"https:\/\/travelservicesmalta.com\/fr\/wp-json\/wp\/v2\/comments?post=3487"}],"version-history":[{"count":0,"href":"https:\/\/travelservicesmalta.com\/fr\/wp-json\/wp\/v2\/pages\/3487\/revisions"}],"up":[{"embeddable":true,"href":"https:\/\/travelservicesmalta.com\/fr\/wp-json\/wp\/v2\/pages\/3526"}],"wp:attachment":[{"href":"https:\/\/travelservicesmalta.com\/fr\/wp-json\/wp\/v2\/media?parent=3487"}],"curies":[{"name":"wp","href":"https:\/\/api.w.org\/{rel}","templated":true}]}}