{"id":3468,"date":"2016-02-26T09:32:18","date_gmt":"2016-02-26T09:32:18","guid":{"rendered":"https:\/\/travelservicesmalta.com\/\/\/general-statistics-2\/"},"modified":"2016-04-14T09:30:08","modified_gmt":"2016-04-14T08:30:08","slug":"general-statistics","status":"publish","type":"page","link":"https:\/\/travelservicesmalta.com\/fr\/malta-gozo-comino\/general-statistics\/","title":{"rendered":"Les Chiffres"},"content":{"rendered":"<section class=\"parallax-box parallax-box__style-1 margin-t-n\"><div class=\"parallax-content\"><\/div><div data-speed=\"3\" class=\"parallax-bg\" style=\"background:url('top-default.jpg') no-repeat center 0; left:50%; margin-left:-960px; width:1920px\"><\/div><\/section>\n<h1 class=\"text-blue\">Malte, Gozo et Comino<\/h1>\n<h2 class=\"margin-b-20\">Les chiffres<\/h2>\n<table class=\"text-left\" border=\"0\" cellspacing=\"0\" cellpadding=\"5\">\n<tbody>\n<tr>\n<td class=\"span3\">Localisation<\/td>\n<td>Dans la Mer M\u00e9diterran\u00e9enne, \u00e0 93km au sud de la Sicile et 290km du point le plus proche de l\u2019Afrique du Nord.<\/td>\n<\/tr>\n<tr>\n<td>Les \u00eeles principales<\/td>\n<td>Malta, Gozo, Comino, Cominotto, Filfla<\/td>\n<\/tr>\n<tr>\n<td>Capital<\/td>\n<td>La Vallette<\/td>\n<\/tr>\n<tr>\n<td>Population<\/td>\n<td>417,608 (Statistique ao\u00fbt 2011)<\/td>\n<\/tr>\n<tr>\n<td>Area<\/td>\n<td>316\u00a0km<sup>2<\/sup><\/td>\n<\/tr>\n<tr>\n<td>Longueur<\/td>\n<td>27 km (Malta) \/ 14 km (Gozo)<\/td>\n<\/tr>\n<tr>\n<td>Largeur<\/td>\n<td>15 km (Malta) \/ 7 km (Gozo)<\/td>\n<\/tr>\n<tr>\n<td>Littoral<\/td>\n<td>252.81km<\/td>\n<\/tr>\n<tr>\n<td>Groupes ethniques<\/td>\n<td>Maltais 95.3 %<\/p>\n<p>Anglais 1.6 %<\/p>\n<p>Autre 3.1 %<\/td>\n<\/tr>\n<tr>\n<td>Religions<\/td>\n<td>Catholique (officiel) 98%<\/td>\n<\/tr>\n<tr>\n<td>Monnaie<\/td>\n<td>EURO (depuis 2008)<\/td>\n<\/tr>\n<tr>\n<td>Fuseau Horaire<\/td>\n<td>CET\/CEST en \u00e9t\u00e9<\/td>\n<\/tr>\n<tr>\n<td>Langues<\/td>\n<td>Maltais (officiel)<\/p>\n<p>Anglais (officiel)<\/td>\n<\/tr>\n<tr>\n<td>Conduite<\/td>\n<td>A gauche<\/td>\n<\/tr>\n<tr>\n<td>Indicatif t\u00e9l\u00e9phonique<\/td>\n<td>+356<\/td>\n<\/tr>\n<tr>\n<td>Indicatif internet (TLD)<\/td>\n<td>.mt<\/td>\n<\/tr>\n<tr>\n<td>Sites du patrimoine mondial de l\u2019UNESCO<\/td>\n<td>3 (La ville de La Vallette, l\u2019hypog\u00e9e d\u2019Hal Saflieni, les Temples m\u00e9galithiques)<\/td>\n<\/tr>\n<tr>\n<td>Climat<\/td>\n<td>Subtropical - M\u00e9diterran\u00e9en<\/td>\n<\/tr>\n<tr>\n<td>Temp\u00e9ratures moyennes<\/td>\n<td>15.2 \u00b0C (Janvier) - 30.7\u00b0C (Ao\u00fbt)<\/td>\n<\/tr>\n<tr>\n<td>Gouvernement<\/td>\n<td>R\u00e9publique Parlementaire (depuis 1974)<\/td>\n<\/tr>\n<\/tbody>\n<\/table>\n<div class=\"spacer\"><\/div><!-- .spacer (end) -->\n<div class=\"spacer\"><\/div><!-- .spacer (end) -->\n<div class=\"spacer\"><\/div><!-- .spacer (end) -->\n<section class=\"parallax-box parallax-box__style-1\"><div class=\"parallax-content\"><\/div><div data-speed=\"3\" class=\"parallax-bg\" style=\"background:url('getting-here-around.jpg') no-repeat center 0; left:50%; margin-left:-960px; width:1920px\"><\/div><\/section>\n<h1 class=\"text-orange\">COMMENT S\u2019Y RENDRE<\/h1>\n<div class=\"features-box\">\n<h3>A\u00e9roport international de Malte<\/h3>\n<p>L\u2019A\u00e9roport International de Malte \u00e0 Luqa, est la porte d'arriv\u00e9e principale pour les touristes. L'a\u00e9roport propose des vols vers tous les principaux hubs europ\u00e9ens, dans la plupart des cas avec un temps de vol de moins de 3 heures. D\u00e9cern\u00e9 par le Conseil international des a\u00e9roports comme \u00e9tant le meilleur a\u00e9roport europ\u00e9en en 2011 dans sa cat\u00e9gorie, l'A\u00e9roport International de Malte offre tous les services pour vous permettre de passer vos vacances confortablement. Vous pouvez consulter le calendrier des <a href=\"http:\/\/passengers.maltairport.com\/en\/arrivals.htm\" target=\"_blank\">arriv\u00e9es<\/a> et des <a href=\"http:\/\/passengers.maltairport.com\/en\/departures.htm\" target=\"_blank\">d\u00e9parts<\/a> sur le site de MIA.<\/p>\n<h3>Le port Malte<\/h3>\n<p>Etant une \u00eele, Malte est \u00e9galement li\u00e9e \u00e0 l'Europe continentale par voie maritime. Plusieurs ferries offrent des services \u00e0 destination et en provenance d'Europe (principalement l'Italie), tels que <a href=\"http:\/\/www.virtuferries.com\/\" target=\"_blank\">Virtu Ferries<\/a> qui relient Malte \u00e0 la Sicile en 90 minutes par catamaran \u00e0 grande vitesse.<\/p>\n<h3>Transfert de \/ vers l'a\u00e9roport<\/h3>\n<p>L\u2019a\u00e9roport International de Malte est facilement accessible par les autobus publics. Une gamme d'autobus nouvellement cr\u00e9\u00e9e par les transporteurs Arriva permet aux touristes de se rendre sur les principaux centres touristiques de l'\u00eele. En outre, les entreprises priv\u00e9es offrent leurs services de taxi dans le hall d'arriv\u00e9e de l'a\u00e9roport. Si vous pr\u00e9f\u00e9rez un transfert de l'a\u00e9roport sans stress, nous serions heureux de l'organiser pour vous. Nous sommes en mesure de vous fournir un service porte-\u00e0-porte de l'a\u00e9roport \u00e0 votre logement et vice-versa. Les transferts peuvent \u00eatre r\u00e9serv\u00e9s <a href=\"#\" target=\"_blank\">ici<\/a>.<\/p>\n<h3>Transport public \u00e0 Malte<\/h3>\n<p>En 2011, la soci\u00e9t\u00e9 bas\u00e9e \u00e0 Londres, Arriva, a repris les transports en commun \u00e0 Malte et les anciens bus jaunes ont \u00e9t\u00e9 remplac\u00e9s par une flotte moderne de v\u00e9hicules verts. Les nouveaux bus climatis\u00e9s circulent vers tous les lieux importants de l\u2019\u00eele avec comme lieu central des op\u00e9rations, La Vallette. Les bus partent de La Valette vers chaque village de Malte. A Gozo, la ville de Victoria est le noyau central des op\u00e9rations de transports publics. Des informations sur l'itin\u00e9raire d\u00e9taill\u00e9 et les prix peuvent \u00eatre trouv\u00e9es <a href=\"http:\/\/www.arriva.com.mt\/\" target=\"_blank\">ici<\/a>.<\/p>\n<h3>Location de voiture \u00e0 Malte<\/h3>\n<p>Beaucoup de touristes pr\u00e9f\u00e8rent faire preuve de souplesse et ont tendance \u00e0 louer une voiture. Il y a plusieurs entreprises de locations de voitures \u00e0 Malte, qui proposent des voitures de qualit\u00e9. Un grand nombre de ces entreprises sont pr\u00e9sentes \u00e0 l'a\u00e9roport international de Malte, ainsi que dans les centres touristiques principaux de l'\u00eele. Bien que cela puisse \u00eatre un d\u00e9fi pour les touristes du continent europ\u00e9en de s'habituer \u00e0 la circulation \u00e0 gauche, vous pourrez profiter de la belle et intacte campagne maltaise. Si vous souhaitez louer une voiture \u00e0 Malte, veuillez nous envoyez une demande. Nous serions heureux de r\u00e9pondre \u00e0 vos besoins.<\/p>\n<\/div>\n<div class=\"content_box bg-standard \">\n<div class=\"title-box clearfix large-title blue-title\"><h2 class=\"title-box_primary\">Explore &amp; discover<\/h2><h3 class=\"title-box_secondary\">Robert Arrigo &amp; Sons Ltd. can provide you with a wide variety of Accommodation and Land Services, different types of Group Travel, possibilities regarding Meeting, Events and Conferences via A+DMC, and Special Interest Travel.<\/h3><\/div><!-- \/\/.title-box -->\n<section class=\"lazy-load-box trigger effect-fade \" data-delay=\"0\" data-speed=\"600\" style=\"-webkit-transition: all 600ms ease; -moz-transition: all 600ms ease; -ms-transition: all 600ms ease; -o-transition: all 600ms ease; transition: all 600ms ease;\">\n<ul class=\"posts-grid row-fluid unstyled posts-grid__style-1 bottom-posts-box ul-item-0\"><li class=\"span3 list-item-1\"><figure class=\"featured-thumbnail thumbnail\"><a title=\"Accommodation &#038; Land Services\"href=\"\/our-services\/accommodation-land-services\/\" rel=\"\"><img decoding=\"async\" src=\"https:\/\/travelservicesmalta.com\/wp-content\/uploads\/2019\/04\/Corinthia_Hotel_StGeorges_Bay_4-260x260.jpg\" alt=\"Accommodation &#038; Land Services\" \/><span class=\"zoom-icon\"><\/span><\/a><\/figure><div class=\"clear\"><\/div><h5><a href=\"\/our-services\/accommodation-land-services\/\" title=\"Accommodation &#038; Land Services\">Accommodation &#038; Land Services<\/a><\/h5><span class=\"subtitle\">Natoque<\/span><div class=\"post_networks\"><ul class=\"clearfix unstyled\"><li class=\"network_0\"><a href=\"https:\/\/www.facebook.com\/travelservicesmalta\/\" title=\"\"><span class=\"icon-facebook\"><\/span><\/a><\/li><\/ul><\/div><div class=\"excerpt\">Robert Arrigo & Sons Ltd. offer a choice of over 100 Hotels, Transfers, 24h Assistance & Excursions.<\/div><a href=\"\/our-services\/accommodation-land-services\/\" class=\"btn btn-primary\" title=\"Accommodation &#038; Land Services\">Plus info<\/a><\/li><li class=\"span3 list-item-2\"><figure class=\"featured-thumbnail thumbnail\"><a title=\"Meetings &#038; Events\"href=\"\/our-services\/group-travel\/#meetings_events\" rel=\"\"><img decoding=\"async\" src=\"https:\/\/travelservicesmalta.com\/wp-content\/uploads\/2019\/04\/Onsite_Malta__Saluting_Battery-260x260.jpg\" alt=\"Meetings &#038; Events\" \/><span class=\"zoom-icon\"><\/span><\/a><\/figure><div class=\"clear\"><\/div><h5><a href=\"\/our-services\/group-travel\/#meetings_events\" title=\"Meetings &#038; Events\">Meetings &#038; Events<\/a><\/h5><span class=\"subtitle\">Penatibus et magnis<\/span><div class=\"post_networks\"><ul class=\"clearfix unstyled\"><li class=\"network_0\"><a href=\"https:\/\/www.facebook.com\/travelservicesmalta\/\" title=\"\"><span class=\"icon-facebook\"><\/span><\/a><\/li><\/ul><\/div><div class=\"excerpt\">A dedicated team at your service under the brand A+DMC by Robert Arrigo & Sons for M.I.C.E enquiries.<\/div><a href=\"\/our-services\/group-travel\/#meetings_events\" class=\"btn btn-primary\" title=\"Meetings &#038; Events\">Plus info<\/a><\/li><\/ul>\n<\/section>\n<div class=\"clear\"><\/div><\/div><!-- .content_box (end) -->\n","protected":false},"excerpt":{"rendered":"Malte, Gozo et Comino Les chiffres Localisation Dans la Mer M\u00e9diterran\u00e9enne, \u00e0 93km au sud de la Sicile et 290km du point le plus proche de l\u2019Afrique du Nord. Les \u00eeles principales Malta, Gozo, Comino, Cominotto, Filfla Capital La Vallette Population 417,608 (Statistique ao\u00fbt 2011) Area 316\u00a0km2 Longueur 27 km (Malta) \/ 14 km (Gozo) Largeur 15 km (Malta) \/&nbsp;<a href=\"https:\/\/travelservicesmalta.com\/fr\/services-view\/group-travel\/\" class=\"read-more\">Continue Reading<\/a>","protected":false},"author":1,"featured_media":0,"parent":3528,"menu_order":0,"comment_status":"closed","ping_status":"closed","template":"page-fullwidth.php","meta":{"_acf_changed":false,"footnotes":""},"class_list":["post-3468","page","type-page","status-publish","hentry"],"acf":[],"_links":{"self":[{"href":"https:\/\/travelservicesmalta.com\/fr\/wp-json\/wp\/v2\/pages\/3468","targetHints":{"allow":["GET"]}}],"collection":[{"href":"https:\/\/travelservicesmalta.com\/fr\/wp-json\/wp\/v2\/pages"}],"about":[{"href":"https:\/\/travelservicesmalta.com\/fr\/wp-json\/wp\/v2\/types\/page"}],"author":[{"embeddable":true,"href":"https:\/\/travelservicesmalta.com\/fr\/wp-json\/wp\/v2\/users\/1"}],"replies":[{"embeddable":true,"href":"https:\/\/travelservicesmalta.com\/fr\/wp-json\/wp\/v2\/comments?post=3468"}],"version-history":[{"count":10,"href":"https:\/\/travelservicesmalta.com\/fr\/wp-json\/wp\/v2\/pages\/3468\/revisions"}],"predecessor-version":[{"id":4636,"href":"https:\/\/travelservicesmalta.com\/fr\/wp-json\/wp\/v2\/pages\/3468\/revisions\/4636"}],"up":[{"embeddable":true,"href":"https:\/\/travelservicesmalta.com\/fr\/wp-json\/wp\/v2\/pages\/3528"}],"wp:attachment":[{"href":"https:\/\/travelservicesmalta.com\/fr\/wp-json\/wp\/v2\/media?parent=3468"}],"curies":[{"name":"wp","href":"https:\/\/api.w.org\/{rel}","templated":true}]}}