{"id":3460,"date":"2016-02-25T14:07:05","date_gmt":"2016-02-25T14:07:05","guid":{"rendered":"https:\/\/travelservicesmalta.com\/\/\/our-services\/additional-services\/"},"modified":"2016-04-14T06:37:26","modified_gmt":"2016-04-14T05:37:26","slug":"group-travel","status":"publish","type":"page","link":"https:\/\/travelservicesmalta.com\/fr\/our-services\/group-travel\/","title":{"rendered":"Voyages de groupe"},"content":{"rendered":"<section class=\"parallax-box parallax-box__style-1 margin-t-n\"><div class=\"parallax-content\"><\/div><div data-speed=\"3\" class=\"parallax-bg\" style=\"background:url('group-travel.jpg') no-repeat center 0; left:50%; margin-left:-960px; width:1920px\"><\/div><\/section>\n<div class=\"text-box\">\n<h1>VOYAGES DE GROUPE<\/h1>\n<h3>Notre division sp\u00e9cialis\u00e9e dans les groupes est capable de g\u00e9rer tout type de groupe. Que ce soit un voyage d'\u00e9tude avec brio, un programme religieux et culturel ou un itin\u00e9raire sur mesure pour un groupe d'int\u00e9r\u00eat sp\u00e9cial, nous pouvons vous fournir tous les \u00e9l\u00e9ments et le soutien logistique pour vous offrir un programme personnalis\u00e9 pour satisfaire et d\u00e9passer vos attentes.<\/h3>\n<h3>Nous poss\u00e9dons une vaste exp\u00e9rience des visites de groupes tels que ...<\/h3>\n<\/div>\n<div class=\"spacer\"><\/div><!-- .spacer (end) --><div class=\"spacer\"><\/div><!-- .spacer (end) -->\n<div class=\"features-box\">\n<h3>Visites de groupe culturelles<\/h3>\n<p>Visites dans les sites et les zones d'int\u00e9r\u00eat sp\u00e9cial. Ces visites de groupe peuvent comprendre des visites aux mus\u00e9es d'art les plus importants, des galeries, des restaurants ou des domaines viticoles.<\/p>\n<h3>Visites de groupe Golf &amp; Aventure<\/h3>\n<p>Voyage \"hors des sentiers battus\" pour d\u00e9couvrir la beaut\u00e9, la tradition et la nature de l'archipel maltais. Des activit\u00e9s comme des balades en 4x4, voyages \u00e0 la voile, excursions en bateau de p\u00eache, les activit\u00e9s de VTT, randonn\u00e9es, activit\u00e9s nautiques et bien d'autres \u00e0 choisir.<\/p>\n<h3>Croisi\u00e8res Groupe<\/h3>\n<p>Vivez au c\u0153ur de la M\u00e9diterran\u00e9e et profit\u00e9 de la mer, o\u00f9 l\u2019on peut voir \u00e0 travers tout en naviguant le long de la c\u00f4te maltaise avec tous ses paysages magnifiques, ses plages et le Blue Lagoon. Diff\u00e9rentes possibilit\u00e9s sont disponibles pour les d\u00e9jeuners et d\u00eeners gastronomiques \u00e0 th\u00e8me servis avec vins locaux \u00e0 bord.<\/p>\n<h3>P\u00e8lerinage &amp; Tours de groupes religieux<\/h3>\n<p>C\u00e9l\u00e9brez le troisi\u00e8me mill\u00e9naire de l'\u0153uvre de J\u00e9sus-Christ et le message du salut en prenant un p\u00e8lerinage au travers des nombreux sanctuaires pr\u00e9sent dans l'archipel. Nous adaptons les programmes, pouvant inclure de nombreuses \u00c9glises et Cath\u00e9drales magnifiques \u00e0 des temples m\u00e9galithiques, de l'\u00eele de Saint-Paul \u00e0 Ta 'Pinu Sancturay.<\/p>\n<h3>Visites de groupe en milieu rural et agricole<\/h3>\n<p>Laissez-nous vous aider \u00e0 concevoir sur mesure un s\u00e9jour qui comporte le contenu \u00e9ducatif et culturel. Robert Arrigo &amp; Sons Ltd vous aidera \u00e0 la conception personnalis\u00e9e d'une exp\u00e9rience internationale de qualit\u00e9 qui r\u00e9pondra aux besoins de votre organisation ou groupe.<\/p>\n<\/div>\n<div class=\"spacer\"><\/div><!-- .spacer (end) -->\n<section class=\"parallax-box parallax-box__style-1\"><div class=\"parallax-content\"><\/div><div data-speed=\"3\" class=\"parallax-bg\" style=\"background:url('meetings-events.jpg') no-repeat center 0; left:50%; margin-left:-960px; width:1920px\"><\/div><\/section>\n<div class=\"text-box\">\n<h1 class=\"text-red\">Conf\u00e9rences et \u00c9v\u00e9nements<\/h1>\n<h3>A+DMC, par Robert Arrigo &amp; Sons Ltd a toujours \u00e9t\u00e9 renomm\u00e9 dans ce segment de march\u00e9 avec une r\u00e9putation faite sur mesure avec ses programmes d'animation et la parfaite organisation de conf\u00e9rences pour les soci\u00e9t\u00e9s.<\/h3>\n<h3>Nous offrons un large choix d'h\u00f4tels de luxe, la plupart avec des salles de conf\u00e9rences \u00e9labor\u00e9es et des \u00e9quipements pour accueillir des groupes de toute taille. Le magnifique centre de conf\u00e9rence m\u00e9diterran\u00e9en \u00e0 La Valette est le seul pouvant accueillir plus de 1.000 d\u00e9l\u00e9gu\u00e9s dans une ambiance particuli\u00e8re et unique.<\/h3>\n<h3>Par-dessus tout, vous aurez la tranquillit\u00e9 d'esprit en travaillant avec des professionnels qui sont capables de g\u00e9rer n'importe quelle situation sans agitation, en vous donnant le soutien logistique pour faire de n\u2019importe quel \u00e9v\u00e8nement un succ\u00e8s in\u00e9gal\u00e9.<\/h3>\n<h3>Pour de plus amples informations concernant nos suggestions pour vos demandes de conf\u00e9rence, salles de r\u00e9unions et \u00e9v\u00e9nements, veuillez s\u2019il vous pla\u00eet visiter le site officiel\u00a0<a href=\"http:\/\/www.aplusdmc.com\" target=\"_blank\">A+DMC<\/a><\/h3>\n<h3><div class=\"spacer\"><\/div><!-- .spacer (end) --><div class=\"spacer\"><\/div><!-- .spacer (end) --><\/h3>\n<\/div>\n<section class=\"parallax-box parallax-box__style-1\"><div class=\"parallax-content\"><\/div><div data-speed=\"3\" class=\"parallax-bg\" style=\"background:url('special-interest-travel.jpg') no-repeat center 0; left:50%; margin-left:-960px; width:1920px\"><\/div><\/section>\n<div class=\"text-box\">\n<h1 class=\"text-blue\">VOYAGES SUR MESURE<\/h1>\n<h3>En plus d'\u00eatre en mesure de r\u00e9pondre au tourisme de masse, nous avons \u00e9galement consacr\u00e9 une section pour les voyages sp\u00e9cifiques. Qu'il s'agisse d'un itin\u00e9raire de plong\u00e9e sp\u00e9cialis\u00e9 ou d'une demande pour un mariage; visites agricoles ou des vacances sportives, y compris le cano\u00eb, descente en rappel ou pour explorer l'\u00eele en Quad; pour ceux qui cherchent des vacances plus tranquilles, nous pouvons offrir des exp\u00e9riences de peinture \u00e0 Malte ou faire un tour \u00e0 travers la gastronomie et les vins maltais. Malte est connu pour avoir une \u00e9glise pour chaque jour de l'ann\u00e9e - nous pouvons vous donner un aper\u00e7u de la vie religieuse sur les \u00eeles sur les traces de l'ap\u00f4tre Saint Paul. Pour les personnes \u00e2g\u00e9es ou les \u00e9tudiants, nous avons aussi des programmes dans la restauration pour leurs besoins.<\/h3>\n<h3>Ces forfaits sp\u00e9cialement con\u00e7us sont offerts pour les groupes et individus du secteur et sera individuellement cit\u00e9 selon les besoins et les d\u00e9sirs de vos clients. Pr\u00e8s de rien n'est impossible sur les \u00eeles maltaises et ce serait notre plaisir de d\u00e9montrer les possibilit\u00e9s que nous avons pour vous et vos clients. Faites-nous savoir ce que vous d\u00e9sirez et nous vous fournirons tous les d\u00e9tails.<\/h3>\n<div class=\"spacer\"><\/div><!-- .spacer (end) -->\n<a href=\"sales@robertarrigo.com\" title=\"sales@robertarrigo.com\" class=\"btn btn-primary btn-normal btn-inline blue\" target=\"_self\">sales@robertarrigo.com<\/a><!-- .btn -->\n<\/div>\n<div class=\"spacer\"><\/div><!-- .spacer (end) --><div class=\"spacer\"><\/div><!-- .spacer (end) -->\n<div class=\"content_box bg-standard \">\n<div class=\"title-box clearfix large-title blue-title\"><h2 class=\"title-box_primary\">Explore &amp; discover<\/h2><h3 class=\"title-box_secondary\">Robert Arrigo &amp; Sons Ltd. can provide you with a wide variety of Accommodation and Land Services, different types of Group Travel, possibilities regarding Meeting, Events and Conferences via A+DMC, and Special Interest Travel.<\/h3><\/div><!-- \/\/.title-box -->\n<section class=\"lazy-load-box trigger effect-fade \" data-delay=\"0\" data-speed=\"600\" style=\"-webkit-transition: all 600ms ease; -moz-transition: all 600ms ease; -ms-transition: all 600ms ease; -o-transition: all 600ms ease; transition: all 600ms ease;\">\n<ul class=\"posts-grid row-fluid unstyled posts-grid__style-1 bottom-posts-box ul-item-0\"><li class=\"span3 list-item-1\"><figure class=\"featured-thumbnail thumbnail\"><a title=\"Accommodation &#038; Land Services\"href=\"\/our-services\/accommodation-land-services\/\" rel=\"\"><img decoding=\"async\" src=\"https:\/\/travelservicesmalta.com\/wp-content\/uploads\/2019\/04\/Corinthia_Hotel_StGeorges_Bay_4-260x260.jpg\" alt=\"Accommodation &#038; Land Services\" \/><span class=\"zoom-icon\"><\/span><\/a><\/figure><div class=\"clear\"><\/div><h5><a href=\"\/our-services\/accommodation-land-services\/\" title=\"Accommodation &#038; Land Services\">Accommodation &#038; Land Services<\/a><\/h5><span class=\"subtitle\">Natoque<\/span><div class=\"post_networks\"><ul class=\"clearfix unstyled\"><li class=\"network_0\"><a href=\"https:\/\/www.facebook.com\/travelservicesmalta\/\" title=\"\"><span class=\"icon-facebook\"><\/span><\/a><\/li><\/ul><\/div><div class=\"excerpt\">Robert Arrigo & Sons Ltd. offer a choice of over 100 Hotels, Transfers, 24h Assistance & Excursions.<\/div><a href=\"\/our-services\/accommodation-land-services\/\" class=\"btn btn-primary\" title=\"Accommodation &#038; Land Services\">Plus info<\/a><\/li><li class=\"span3 list-item-2\"><figure class=\"featured-thumbnail thumbnail\"><a title=\"Meetings &#038; Events\"href=\"\/our-services\/group-travel\/#meetings_events\" rel=\"\"><img decoding=\"async\" src=\"https:\/\/travelservicesmalta.com\/wp-content\/uploads\/2019\/04\/Onsite_Malta__Saluting_Battery-260x260.jpg\" alt=\"Meetings &#038; Events\" \/><span class=\"zoom-icon\"><\/span><\/a><\/figure><div class=\"clear\"><\/div><h5><a href=\"\/our-services\/group-travel\/#meetings_events\" title=\"Meetings &#038; Events\">Meetings &#038; Events<\/a><\/h5><span class=\"subtitle\">Penatibus et magnis<\/span><div class=\"post_networks\"><ul class=\"clearfix unstyled\"><li class=\"network_0\"><a href=\"https:\/\/www.facebook.com\/travelservicesmalta\/\" title=\"\"><span class=\"icon-facebook\"><\/span><\/a><\/li><\/ul><\/div><div class=\"excerpt\">A dedicated team at your service under the brand A+DMC by Robert Arrigo & Sons for M.I.C.E enquiries.<\/div><a href=\"\/our-services\/group-travel\/#meetings_events\" class=\"btn btn-primary\" title=\"Meetings &#038; Events\">Plus info<\/a><\/li><\/ul>\n<\/section>\n<div class=\"clear\"><\/div><\/div><!-- .content_box (end) -->\n","protected":false},"excerpt":{"rendered":"VOYAGES DE GROUPE Notre division sp\u00e9cialis\u00e9e dans les groupes est capable de g\u00e9rer tout type de groupe. Que ce soit un voyage d'\u00e9tude avec brio, un programme religieux et culturel ou un itin\u00e9raire sur mesure pour un groupe d'int\u00e9r\u00eat sp\u00e9cial, nous pouvons vous fournir tous les \u00e9l\u00e9ments et le soutien logistique pour vous offrir un programme personnalis\u00e9 pour satisfaire et&nbsp;<a href=\"https:\/\/travelservicesmalta.com\/fr\/services-view\/group-travel\/\" class=\"read-more\">Continue Reading<\/a>","protected":false},"author":1,"featured_media":0,"parent":3392,"menu_order":0,"comment_status":"closed","ping_status":"closed","template":"page-fullwidth.php","meta":{"_acf_changed":false,"footnotes":""},"class_list":["post-3460","page","type-page","status-publish","hentry"],"acf":[],"_links":{"self":[{"href":"https:\/\/travelservicesmalta.com\/fr\/wp-json\/wp\/v2\/pages\/3460","targetHints":{"allow":["GET"]}}],"collection":[{"href":"https:\/\/travelservicesmalta.com\/fr\/wp-json\/wp\/v2\/pages"}],"about":[{"href":"https:\/\/travelservicesmalta.com\/fr\/wp-json\/wp\/v2\/types\/page"}],"author":[{"embeddable":true,"href":"https:\/\/travelservicesmalta.com\/fr\/wp-json\/wp\/v2\/users\/1"}],"replies":[{"embeddable":true,"href":"https:\/\/travelservicesmalta.com\/fr\/wp-json\/wp\/v2\/comments?post=3460"}],"version-history":[{"count":8,"href":"https:\/\/travelservicesmalta.com\/fr\/wp-json\/wp\/v2\/pages\/3460\/revisions"}],"predecessor-version":[{"id":4583,"href":"https:\/\/travelservicesmalta.com\/fr\/wp-json\/wp\/v2\/pages\/3460\/revisions\/4583"}],"up":[{"embeddable":true,"href":"https:\/\/travelservicesmalta.com\/fr\/wp-json\/wp\/v2\/pages\/3392"}],"wp:attachment":[{"href":"https:\/\/travelservicesmalta.com\/fr\/wp-json\/wp\/v2\/media?parent=3460"}],"curies":[{"name":"wp","href":"https:\/\/api.w.org\/{rel}","templated":true}]}}