{"id":3395,"date":"2016-02-18T12:41:05","date_gmt":"2016-02-18T12:41:05","guid":{"rendered":"https:\/\/travelservicesmalta.com\/\/\/our-services\/accommodation-conference-facilities\/"},"modified":"2016-04-14T05:51:36","modified_gmt":"2016-04-14T04:51:36","slug":"accommodation-land-services","status":"publish","type":"page","link":"https:\/\/travelservicesmalta.com\/fr\/our-services\/accommodation-land-services\/","title":{"rendered":"Logement et Prestations Terrestres"},"content":{"rendered":"<section class=\"parallax-box parallax-box__style-1 margin-t-n\"><div class=\"parallax-content\"><\/div><div data-speed=\"3\" class=\"parallax-bg\" style=\"background:url('accommodation-land-services.jpg') no-repeat center 0; left:50%; margin-left:-960px; width:1920px\"><\/div><\/section>\n<div class=\"text-box\">\n<h1 class=\"text-blue\">Logement et Prestations Terrestres<\/h1>\n<h2>Logement<\/h2>\n<p>Robert Arrigo and Sons Ltd offre une multitude de services sur les \u00eeles maltaises, le logement \u00e9tant un des principaux piliers des services offerts. Qu\u2019il s\u2019agisse d\u2019un appartement ind\u00e9pendant simple ou d\u2019un h\u00f4tel de grande classe, d\u2019un h\u00f4tel familial de style \"club\" avec l'animation et tout compris ou un h\u00f4tel familial situ\u00e9 au centre pour une petite escapade, Robert Arrigo and Sons Ltd est s\u00fbr de disposer du produit qui vous convient.<\/p>\n<h3>Pour avoir un aper\u00e7u des h\u00e9bergements propos\u00e9s, vous pouvez t\u00e9l\u00e9charger notre brochure:<\/h3>\n<div class=\"spacer\"><\/div><!-- .spacer (end) -->\n<div class=\"spacer\"><\/div><!-- .spacer (end) -->\n<div class=\"content_box bg-primary text-center \">\n<a target=\"_blank\" href=\"\/wp-content\/uploads\/2016\/04\/robert_arrigo_brochure_2014-2015.pdf\"><img loading=\"lazy\" decoding=\"async\" class=\"margin-t-n-40 aligncenter wp-image-4006 size-full\" src=\"https:\/\/travelservicesmalta.com\/\/\/wp-content\/uploads\/2016\/03\/malta-gozo-brochure.png\" alt=\"malta-gozo-brochure\" width=\"596\" height=\"310\" srcset=\"https:\/\/travelservicesmalta.com\/wp-content\/uploads\/2016\/03\/malta-gozo-brochure.png 596w, https:\/\/travelservicesmalta.com\/wp-content\/uploads\/2016\/03\/malta-gozo-brochure-300x156.png 300w\" sizes=\"auto, (max-width: 596px) 100vw, 596px\" \/><\/a><\/p>\n<h3 class=\"text-no-transform\">Si vous \u00eates \u00e0 la recherche d'un h\u00f4tel en particulier, veuillez s\u2019il vous pla\u00eet rechercher ici:<\/h3>\n<div class=\"spacer\"><\/div><!-- .spacer (end) -->\n<a href=\"#\" title=\"Login Portail B2B\" class=\"btn btn-primary btn-primary btn-inline lg white text-no-transform\" target=\"_self\">Login Portail B2B<\/a><!-- .btn -->\n<div class=\"spacer\"><\/div><!-- .spacer (end) -->\n<div class=\"spacer\"><\/div><!-- .spacer (end) -->\n<div class=\"clear\"><\/div><\/div><!-- .content_box (end) -->\n<div class=\"clearfix\"><\/div>\n<div class=\"spacer\"><\/div><!-- .spacer (end) -->\n<div class=\"spacer\"><\/div><!-- .spacer (end) -->\n<h2 class=\"text-orange margin-b-30\">Services<\/h2>\n<h4><strong>En plus, des vastes possibilit\u00e9s d'h\u00e9bergement, la soci\u00e9t\u00e9 offre \u00e9galement une grande expertise sur \u200b\u200bles \u00eeles maltaises. Avec Robert Arrigo &amp; Sons Ltd en tant que votre partenaire choisi pour les \u00eeles maltaises, vos clients pourront profiter du service de notre logistique de transport, qu'il s'agisse d'un transfert de l'a\u00e9roport simple ou d\u2019un service de limousine \u00e0 l'h\u00f4tel.<\/strong><\/h4>\n<p>Une fois \u00e0 Malte vos clients sont accueillis par nos repr\u00e9sentants multilingues qui offrent \u00e0 vos clients toutes les informations n\u00e9cessaires et l'assistance en cas de besoin. Nous offrons une possibilit\u00e9 de contact t\u00e9l\u00e9phonique gratuite pendant les heures de bureau (800 737 13 de 10h \u00e0 17h du lundi au vendredi), en dehors de cela, chaque client peut joindre son repr\u00e9sentant en cas de besoin.<\/p>\n<p>Pour \u00eatre vraiment LE meilleur pour vos clients, Robert Arrigo &amp; Sons Ltd offre \u00e9galement des programmes d'excursion locales personnalis\u00e9es. Avec des d\u00e9parts garantis plus de 365 jours par an pour vos clients individuels anglais, fran\u00e7ais, italien et allemand ainsi que des excursions sur mesure pour vos demandes de groupe.<br \/>\n<div class=\"spacer\"><\/div><!-- .spacer (end) -->\n<a href=\"#\" title=\"Sur notre portail B2B, vous pouvez explorer les diverses possibilit\u00e9s.\" class=\"btn btn-primary btn-normal btn-inline lg text-no-transform\" target=\"_self\">Sur notre portail B2B, vous pouvez explorer les diverses possibilit\u00e9s.<\/a><!-- .btn -->\n<div class=\"spacer\"><\/div><!-- .spacer (end) -->\n<\/div>\n","protected":false},"excerpt":{"rendered":"Logement et Prestations Terrestres Logement Robert Arrigo and Sons Ltd offre une multitude de services sur les \u00eeles maltaises, le logement \u00e9tant un des principaux piliers des services offerts. Qu\u2019il s\u2019agisse d\u2019un appartement ind\u00e9pendant simple ou d\u2019un h\u00f4tel de grande classe, d\u2019un h\u00f4tel familial de style \"club\" avec l'animation et tout compris ou un h\u00f4tel familial situ\u00e9 au centre pour&nbsp;<a href=\"https:\/\/travelservicesmalta.com\/fr\/our-services\/accommodation-land-services\/\" class=\"read-more\">Continue Reading<\/a>","protected":false},"author":1,"featured_media":0,"parent":3392,"menu_order":0,"comment_status":"closed","ping_status":"closed","template":"page-fullwidth.php","meta":{"_acf_changed":false,"footnotes":""},"class_list":["post-3395","page","type-page","status-publish","hentry"],"acf":[],"_links":{"self":[{"href":"https:\/\/travelservicesmalta.com\/fr\/wp-json\/wp\/v2\/pages\/3395","targetHints":{"allow":["GET"]}}],"collection":[{"href":"https:\/\/travelservicesmalta.com\/fr\/wp-json\/wp\/v2\/pages"}],"about":[{"href":"https:\/\/travelservicesmalta.com\/fr\/wp-json\/wp\/v2\/types\/page"}],"author":[{"embeddable":true,"href":"https:\/\/travelservicesmalta.com\/fr\/wp-json\/wp\/v2\/users\/1"}],"replies":[{"embeddable":true,"href":"https:\/\/travelservicesmalta.com\/fr\/wp-json\/wp\/v2\/comments?post=3395"}],"version-history":[{"count":7,"href":"https:\/\/travelservicesmalta.com\/fr\/wp-json\/wp\/v2\/pages\/3395\/revisions"}],"predecessor-version":[{"id":4558,"href":"https:\/\/travelservicesmalta.com\/fr\/wp-json\/wp\/v2\/pages\/3395\/revisions\/4558"}],"up":[{"embeddable":true,"href":"https:\/\/travelservicesmalta.com\/fr\/wp-json\/wp\/v2\/pages\/3392"}],"wp:attachment":[{"href":"https:\/\/travelservicesmalta.com\/fr\/wp-json\/wp\/v2\/media?parent=3395"}],"curies":[{"name":"wp","href":"https:\/\/api.w.org\/{rel}","templated":true}]}}