{"id":3384,"date":"2016-02-18T12:44:07","date_gmt":"2016-02-18T12:44:07","guid":{"rendered":"https:\/\/travelservicesmalta.com\/\/\/the-company-3\/"},"modified":"2016-04-13T15:50:15","modified_gmt":"2016-04-13T14:50:15","slug":"the-company","status":"publish","type":"page","link":"https:\/\/travelservicesmalta.com\/fr\/the-company\/","title":{"rendered":"L&#8217;Entreprise"},"content":{"rendered":"<section class=\"parallax-box parallax-box__style-1 margin-t-n\"><div class=\"parallax-content\"><\/div><div data-speed=\"3\" class=\"parallax-bg\" style=\"background:url('company-top.jpg') no-repeat center 0; left:50%; margin-left:-960px; width:1920px\"><\/div><\/section>\n<h1 class=\"text-orange\">L'Entreprise<\/h1>\n<div class=\"text-box\">\n<h2 class=\"margin-b-20\">A propos de nous<\/h2>\n<p>Fond\u00e9e en 1983 Robert Arrigo & Sons Ltd a construit et conserv\u00e9 sa r\u00e9putation en tant que partenaire de ses clients plut\u00f4t que d'\u00eatre juste un simple agent. Nous travaillons avec nos partenaires \u00ab Tours Operators \u00bb, install\u00e9s dans toute l'Europe, c\u00f4te \u00e0 c\u00f4te afin de cr\u00e9er une situation gagnant-gagnant lors de la vente de la destination des \u00eeles maltaises.<\/p>\n<p>Plus de 1,5 million de clients sont venus dans les \u00eeles maltaises gr\u00e2ce \u00e0 Robert Arrigo & Sons depuis 1983, ce qui fait de nous un des leaders de l\u2019industrie du tourisme maltais. De la demande individuelle avec des programmes sur mesure, des voyages avec des int\u00e9r\u00eats particuliers, les op\u00e9rations charters, nous r\u00e9pondons \u00e9galement \u00e0 toutes les demandes de groupe et de programmes personnalis\u00e9s. Notre \u00e9quipe est compos\u00e9e de plus de 45 experts multilingues, chacun \u00e9tant sp\u00e9cialis\u00e9e dans un domaine ils se feront un plaisir de vous aider lors de vos diff\u00e9rentes demandes.<\/p>\n<p>De nombreux services tels que les transports et les excursions sont g\u00e9r\u00e9s en interne. Une \u00e9quipe de repr\u00e9sentants aidera le client \u00e0 Malte selon ses besoins quotidiens et ses excursions qui sont disponibles dans diff\u00e9rentes langues, quotidiennement en hiver comme en \u00e9t\u00e9.<\/p>\n<p>Pour parfaire nos services, nous avons r\u00e9cemment investi dans la technologie de pointe qui refl\u00e8te la tendance actuelle de notre industrie. Nous sommes fiers d\u2019\u00eatre le premier des \u00eeles maltaises a avoir implant\u00e9 un syst\u00e8me permettant \u00e0 nos clients d\u2019acc\u00e9der \u00e0 nos produits gr\u00e2ce \u00e0 l\u2019int\u00e9gration XML, un portail de r\u00e9servation avec connexion personnelle et s\u00e9curis\u00e9e avec mot de passe web prot\u00e9g\u00e9 B2B, les deux choix r\u00e9duisent le temps de r\u00e9ponse \u00e0 la milliseconde, ce qui contribue \u00e0 aider les demandes \u00e0 devenir des r\u00e9servations plus vite.<\/p>\n<p>Votre choix de traiter avec Robert Arrigo & Sons Ltd vous assure un service rapide et fiable. Nous sommes heureux de vous accueillir prochainement sur nos belles \u00eeles maltaises que sont Malte, Gozo et Comino.<\/p>\n<div class=\"share-box inline-block margin-b-0\" ><span class=\"cursor-pointer i-share pull-left\">Share this<\/span><\/p>\n<ul class=\"ico-box\">\n<li><a class=\"icon-facebook\" href=\"http:\/\/www.facebook.com\/sharer\/sharer.php?u=https:\/\/travelservicesmalta.com\/\/\/fr\/the-company\/\" target=\"_blank\"><\/a><\/li>\n<li><a class=\"icon-twitter\" href=\"http:\/\/www.twitter.com\/share?url=https:\/\/travelservicesmalta.com\/\/\/the-company\/&text=https:\/\/travelservicesmalta.com\/\/\/fr\/the-company\/ @Robert Arrigo and Sons\" target=\"_blank\"><\/a><\/li>\n<li><a class=\"icon-google-plus\" href=\"https:\/\/www.plus.google.com\/share?url=https:\/\/travelservicesmalta.com\/\/\/fr\/the-company\/\" target=\"_blank\"><\/a><\/li>\n<\/ul>\n<\/div>\n<\/div>\n<p><!--[cherry_parallax image=\"the-team.jpg\" custom_class=\"parallax-box__style-1 x2\"][\/cherry_parallax] --><\/p>\n<div class=\"full-box bg-standard\"><img loading=\"lazy\" decoding=\"async\" class=\"aligncenter size-full wp-image-4228\" src=\"https:\/\/travelservicesmalta.com\/\/\/wp-content\/uploads\/2016\/02\/the-team-c.jpg\" alt=\"the-team-c\" width=\"1920\" height=\"770\" srcset=\"https:\/\/travelservicesmalta.com\/wp-content\/uploads\/2016\/02\/the-team-c.jpg 1920w, https:\/\/travelservicesmalta.com\/wp-content\/uploads\/2016\/02\/the-team-c-300x120.jpg 300w, https:\/\/travelservicesmalta.com\/wp-content\/uploads\/2016\/02\/the-team-c-768x308.jpg 768w, https:\/\/travelservicesmalta.com\/wp-content\/uploads\/2016\/02\/the-team-c-1024x411.jpg 1024w\" sizes=\"auto, (max-width: 1920px) 100vw, 1920px\" \/><div class=\"spacer\"><\/div><!-- .spacer (end) --><div class=\"spacer\"><\/div><!-- .spacer (end) -->\n<div class=\"text-box margin-b-0\">\n<h2 class=\"text-blue\">L\u2019\u00e9quipe<\/h2>\n<h3 class=\"font-300\">Robert Arrigo & Sons Ltd. a une \u00e9quipe de 40 employ\u00e9s a plein temps, sp\u00e9cialis\u00e9 dans leurs domaines respectifs de travail. Nous sommes impatient de nous mettre a votre service, merci de nous envoyer vos requ\u00eates et nous serons heureux de vous fournir tous les \u00e9l\u00e9ments n\u00e9cessaires \u00e0 leurs r\u00e9alisations.<\/h3>\n<h3 class=\"font-300\">Ci-dessous vous trouverez les adresses cl\u00e9s \u00e0 contacter pour vous aider dans vos requ\u00eates.<\/h3>\n<\/div>\n<\/div>\n","protected":false},"excerpt":{"rendered":"L'Entreprise A propos de nous Fond\u00e9e en 1983 Robert Arrigo &#038; Sons Ltd a construit et conserv\u00e9 sa r\u00e9putation en tant que partenaire de ses clients plut\u00f4t que d'\u00eatre juste un simple agent. Nous travaillons avec nos partenaires \u00ab Tours Operators \u00bb, install\u00e9s dans toute l'Europe, c\u00f4te \u00e0 c\u00f4te afin de cr\u00e9er une situation gagnant-gagnant lors de la vente de&nbsp;<a href=\"https:\/\/travelservicesmalta.com\/fr\/the-company\/\" class=\"read-more\">Continue Reading<\/a>","protected":false},"author":1,"featured_media":0,"parent":0,"menu_order":0,"comment_status":"closed","ping_status":"closed","template":"page-team.php","meta":{"_acf_changed":false,"footnotes":""},"class_list":["post-3384","page","type-page","status-publish","hentry"],"acf":[],"_links":{"self":[{"href":"https:\/\/travelservicesmalta.com\/fr\/wp-json\/wp\/v2\/pages\/3384","targetHints":{"allow":["GET"]}}],"collection":[{"href":"https:\/\/travelservicesmalta.com\/fr\/wp-json\/wp\/v2\/pages"}],"about":[{"href":"https:\/\/travelservicesmalta.com\/fr\/wp-json\/wp\/v2\/types\/page"}],"author":[{"embeddable":true,"href":"https:\/\/travelservicesmalta.com\/fr\/wp-json\/wp\/v2\/users\/1"}],"replies":[{"embeddable":true,"href":"https:\/\/travelservicesmalta.com\/fr\/wp-json\/wp\/v2\/comments?post=3384"}],"version-history":[{"count":6,"href":"https:\/\/travelservicesmalta.com\/fr\/wp-json\/wp\/v2\/pages\/3384\/revisions"}],"predecessor-version":[{"id":4495,"href":"https:\/\/travelservicesmalta.com\/fr\/wp-json\/wp\/v2\/pages\/3384\/revisions\/4495"}],"wp:attachment":[{"href":"https:\/\/travelservicesmalta.com\/fr\/wp-json\/wp\/v2\/media?parent=3384"}],"curies":[{"name":"wp","href":"https:\/\/api.w.org\/{rel}","templated":true}]}}