{"id":4803,"date":"2016-02-25T14:22:51","date_gmt":"2016-02-25T14:22:51","guid":{"rendered":"https:\/\/travelservicesmalta.com\/\/\/sports-2\/"},"modified":"2016-04-15T10:01:01","modified_gmt":"2016-04-15T09:01:01","slug":"sports","status":"publish","type":"page","link":"https:\/\/travelservicesmalta.com\/de\/malta-gozo-comino\/what-to-do-where-to-go\/sports\/","title":{"rendered":"Sport"},"content":{"rendered":"<h2>Sport<\/h2>\n<p>Auf Malta gibt es ein vielf\u00e4ltiges Sportangebot. Ob in den Sommermonaten oder im Winter, im Wasser oder an Land, Malta bietet etwas f\u00fcr jeden Geschmack. Das Angebot reicht von Tauchen \u00fcber Windsurfen, Wandern, Paragliding, Klettern, Reiten bis hin zu Abseiling. Da die Wintermonate sehr mild sind organisieren viele Sportvereine und \u2013gruppen aus ganz Europa zu dieser Zeit ihre Trainingslager in Malta.<\/p>\n<p><strong>Tauchen<\/strong><\/p>\n<p>Malta hat ein sehr vielf\u00e4ltiges Tauchrevier f\u00fcr erfahrene Taucher genauso wie f\u00fcr Anf\u00e4nger. Da die Wassertemperaturen auch im Winter noch bei ca. 15 Grad liegen ist Malta insbesondere f\u00fcr Taucher das ganze Jahr \u00fcber attraktiv. Die Tiervielfalt ist beeindruckend und vor allem im Winter kommen einige Spezies n\u00e4her an die K\u00fcste, die sich im Winter eher in den Tiefen des Meeres aufhalten und Tauchern so verborgen bleiben. Die vielen Tauchschulen Maltas bieten Kurse f\u00fcr Anf\u00e4nger und Fortgeschrittene gleicherma\u00dfen. Es gibt um die 40 Tauchschulen, die ihren Service und ihr Tauchzubeh\u00f6r anbieten und\u00a0ein Taucherlebnis unvergesslich werden lassen. Eine gro\u00dfe Fischvielfalt, spektakul\u00e4re H\u00f6hlen, Schiffwracks und eine Sicht bis zu 40 Meter sind nur einige der Highlights.<\/p>\n<p><strong>Golf<\/strong><\/p>\n<p>Golf kann in Malta das ganze Jahr \u00fcber gespielt warden. Da Malta nur einen Golfplatz hat, ist es notwendig schon im vorraus zu buchen, wenn man hier Golf lernen m\u00f6chte. Die Wetterbedingungen sind perfekt zum Golfen, denn es gibt weder Frost noch Nebel und auch keinen st\u00e4ndigen Regen. Der Golfplatz in Malta ist ein 18-Loch-Platz und hat 5000 Meter L\u00e4nge. Man erreich ihn leicht von \u00fcberall auf der Insel, da er zentral in Marsa gelegen ist. Viele Hotels bieten Pakete, die Golf enthalten.<\/p>\n<p><strong>Fu\u00dfball<\/strong><\/p>\n<p>Trainingslager f\u00fcr Fu\u00dfballmannschaften sind sehr beliebt auf Malta und Malteser sind sehr begeistert vom Fu\u00dfball, auch wenn sie bisher kaum internationale Auszeichnungen im Fu\u00dfball\u00a0erlangt haben. Die\u00a0Einrichtungen f\u00fcr Fu\u00dfball werden stetig verbessert und das milde Winterklima weitet die M\u00f6glichkeiten auf Malta ein Traininslager zu organisieren aus.<\/p>\n<p><strong>Swimmen und Schnorcheln<\/strong><\/p>\n<p>Das kristallklare Wasser kombiniert mit den angenehmen Wassertemperaturen mach das Schwimmen und Schnorcheln auf Malta sehr angenehm. Entlang der K\u00fcste gibt es viele Einstiegsm\u00f6glichkeiten, die einem einen leichten Zugang zum Meer erm\u00f6glichen. Zudem findet man \u00fcberall verschiedene St\u00e4nde, die Schnorchelzubeh\u00f6r verleihen. F\u00fcr diejenigen, die das Schwimmen im Meer meiden gibt es unz\u00e4hlige Pools, die teilweise direkt am Meer gelegen sind.<\/p>\n","protected":false},"excerpt":{"rendered":"Sport Auf Malta gibt es ein vielf\u00e4ltiges Sportangebot. Ob in den Sommermonaten oder im Winter, im Wasser oder an Land, Malta bietet etwas f\u00fcr jeden Geschmack. Das Angebot reicht von Tauchen \u00fcber Windsurfen, Wandern, Paragliding, Klettern, Reiten bis hin zu Abseiling. Da die Wintermonate sehr mild sind organisieren viele Sportvereine und \u2013gruppen aus ganz Europa zu dieser Zeit ihre Trainingslager&nbsp;<a href=\"https:\/\/travelservicesmalta.com\/de\/malta-gozo-comino\/what-to-do-where-to-go\/sports\/\" class=\"read-more\">Continue Reading<\/a>","protected":false},"author":1,"featured_media":0,"parent":4845,"menu_order":0,"comment_status":"closed","ping_status":"closed","template":"","meta":{"_acf_changed":false,"footnotes":""},"class_list":["post-4803","page","type-page","status-publish","hentry"],"acf":[],"_links":{"self":[{"href":"https:\/\/travelservicesmalta.com\/de\/wp-json\/wp\/v2\/pages\/4803","targetHints":{"allow":["GET"]}}],"collection":[{"href":"https:\/\/travelservicesmalta.com\/de\/wp-json\/wp\/v2\/pages"}],"about":[{"href":"https:\/\/travelservicesmalta.com\/de\/wp-json\/wp\/v2\/types\/page"}],"author":[{"embeddable":true,"href":"https:\/\/travelservicesmalta.com\/de\/wp-json\/wp\/v2\/users\/1"}],"replies":[{"embeddable":true,"href":"https:\/\/travelservicesmalta.com\/de\/wp-json\/wp\/v2\/comments?post=4803"}],"version-history":[{"count":4,"href":"https:\/\/travelservicesmalta.com\/de\/wp-json\/wp\/v2\/pages\/4803\/revisions"}],"predecessor-version":[{"id":4965,"href":"https:\/\/travelservicesmalta.com\/de\/wp-json\/wp\/v2\/pages\/4803\/revisions\/4965"}],"up":[{"embeddable":true,"href":"https:\/\/travelservicesmalta.com\/de\/wp-json\/wp\/v2\/pages\/4845"}],"wp:attachment":[{"href":"https:\/\/travelservicesmalta.com\/de\/wp-json\/wp\/v2\/media?parent=4803"}],"curies":[{"name":"wp","href":"https:\/\/api.w.org\/{rel}","templated":true}]}}