{"id":4796,"date":"2016-02-25T14:22:31","date_gmt":"2016-02-25T14:22:31","guid":{"rendered":"https:\/\/travelservicesmalta.com\/\/\/nightlife-in-malta-2\/"},"modified":"2016-04-15T10:00:51","modified_gmt":"2016-04-15T09:00:51","slug":"nightlife-in-malta","status":"publish","type":"page","link":"https:\/\/travelservicesmalta.com\/de\/malta-gozo-comino\/what-to-do-where-to-go\/nightlife-in-malta\/","title":{"rendered":"Nachtleben in Malta"},"content":{"rendered":"<h2>Nachtleben in Malta<\/h2>\n<p>Das Nachtleben in Malta ist sehr pulsierend und zieht viele Leute aller Altersgruppen, Nationalit\u00e4ten und Interessengruppen an. Beliebte Orte zum Ausgehen sind Bugibba, Sliema und St. Julian\u00b4s. Der bekannteste Ort f\u00fcr ein aufregendes Nachtleben ist Paceville, in St. Julian\u00b4s. In Paceville findet man eine Vielzahl an Clubs, Bars und Pubs, die sich direkt aneinander reihen und einen Partyabend zu einem ganz besonderen Erlebnis machen, da man kaum Distanzen zur\u00fccklegen muss. \u00dcberwiegend werden hier die neusten Hits gespielt, aber auch f\u00fcr andere Musikgeschm\u00e4cker gibt es die passenden Lokalit\u00e4ten. Paceville wird oft mit seiner Konkurrenz-Partyinsel Ibiza verglichen, welche auch sehr bekannt ist f\u00fcr ihre zahlreichen Clubs und einer Vielzahl an Urlaubsg\u00e4sten. Da die meisten Clubs keinen Eintritt kosten und die Getr\u00e4nke relativ preiswert sind, wurde Malta in den letzten Jahren zunehmend ein Ort f\u00fcr junge Leute auf der Suche nach Unterhaltung.<\/p>\n<p>Neben den diversen Ausgehm\u00f6glichkeiten und Discotheken gibt es andere Angebote in Paceville, die sehr interessant sind, wie z. B. Maltas gr\u00f6\u00dfter Kinokomplex, die Eden Kinos, ein Bowlingcenter, 2 Kasinos und viele ruhigere Bars, die sich nur wenige Meter vom pulsierenden Nachtleben in Paceville entfernt befinden.<\/p>\n<p>Wer nach einem etwas anderem un gr\u00f6\u00dferem Club unter freiem Himmel sucht, sollte unbedingt in\u00b4s Gianpula, in der N\u00e4he von Mdina und Rabat, oder in\u00b4s Numero Uno in Ta\u00b4Qali. Diese Open-Air Clubs sind sehr beliebt bei Einheimischen wie auch bei Touristen und k\u00f6nnen bis zu 4000 G\u00e4ste unterbringen. Jedes Jahr hat vor allem das Gianpula viele weltweit bekannte DJs, wie z. B. Tiesto, Sasha und Planet Funk zu Gast. Ge\u00f6ffnet haben die Clubs zwischen Mai und Oktober.<\/p>\n","protected":false},"excerpt":{"rendered":"Nachtleben in Malta Das Nachtleben in Malta ist sehr pulsierend und zieht viele Leute aller Altersgruppen, Nationalit\u00e4ten und Interessengruppen an. Beliebte Orte zum Ausgehen sind Bugibba, Sliema und St. Julian\u00b4s. Der bekannteste Ort f\u00fcr ein aufregendes Nachtleben ist Paceville, in St. Julian\u00b4s. In Paceville findet man eine Vielzahl an Clubs, Bars und Pubs, die sich direkt aneinander reihen und einen&nbsp;<a href=\"https:\/\/travelservicesmalta.com\/de\/malta-gozo-comino\/what-to-do-where-to-go\/nightlife-in-malta\/\" class=\"read-more\">Continue Reading<\/a>","protected":false},"author":1,"featured_media":0,"parent":4845,"menu_order":0,"comment_status":"closed","ping_status":"closed","template":"","meta":{"_acf_changed":false,"footnotes":""},"class_list":["post-4796","page","type-page","status-publish","hentry"],"acf":[],"_links":{"self":[{"href":"https:\/\/travelservicesmalta.com\/de\/wp-json\/wp\/v2\/pages\/4796","targetHints":{"allow":["GET"]}}],"collection":[{"href":"https:\/\/travelservicesmalta.com\/de\/wp-json\/wp\/v2\/pages"}],"about":[{"href":"https:\/\/travelservicesmalta.com\/de\/wp-json\/wp\/v2\/types\/page"}],"author":[{"embeddable":true,"href":"https:\/\/travelservicesmalta.com\/de\/wp-json\/wp\/v2\/users\/1"}],"replies":[{"embeddable":true,"href":"https:\/\/travelservicesmalta.com\/de\/wp-json\/wp\/v2\/comments?post=4796"}],"version-history":[{"count":4,"href":"https:\/\/travelservicesmalta.com\/de\/wp-json\/wp\/v2\/pages\/4796\/revisions"}],"predecessor-version":[{"id":4964,"href":"https:\/\/travelservicesmalta.com\/de\/wp-json\/wp\/v2\/pages\/4796\/revisions\/4964"}],"up":[{"embeddable":true,"href":"https:\/\/travelservicesmalta.com\/de\/wp-json\/wp\/v2\/pages\/4845"}],"wp:attachment":[{"href":"https:\/\/travelservicesmalta.com\/de\/wp-json\/wp\/v2\/media?parent=4796"}],"curies":[{"name":"wp","href":"https:\/\/api.w.org\/{rel}","templated":true}]}}