{"id":4787,"date":"2016-02-25T14:22:05","date_gmt":"2016-02-25T14:22:05","guid":{"rendered":"https:\/\/travelservicesmalta.com\/\/\/malta-shopping-2\/"},"modified":"2016-04-15T10:00:45","modified_gmt":"2016-04-15T09:00:45","slug":"malta-shopping","status":"publish","type":"page","link":"https:\/\/travelservicesmalta.com\/de\/malta-gozo-comino\/what-to-do-where-to-go\/malta-shopping\/","title":{"rendered":"Malta Shopping"},"content":{"rendered":"<h2>Malta Shopping<\/h2>\n<p>Shopping in Malta kann sehr viel Spa\u00df bereiten, wenn man die richtigen Orte hierf\u00fcr kennt. Es gibt einige gro\u00dfartige Orte,\u00a0in denen\u00a0man auf seine Kosten kommt.<\/p>\n<p>Eine sehr neue und relativ gro\u00dfe\u00a0Einrichtung ist <em>The Point<\/em> in Sliema, dieses Kaufhaus bietet fast alles und das ohne gro\u00dfe Strecken zur\u00fccklegen zu m\u00fcssen. Zwar findet man hier keine in Europa bekannten\u00a0L\u00e4den, wie etwa H&amp;M oder Primark, doch wenn man Ausschau nach einem Schlussverkauf oder sonstigen Angeboten h\u00e4lt findet man auch hier richtige Schn\u00e4ppchen. Ansonsten sind die Preise vergleichbar mit anderen europ\u00e4ischen L\u00e4ndern und befinden sich im Durchschnitt. Ein kleineres Shoppingcenter in Sliema ist <em>The Plaza<\/em> Shoppingcenter, welches neben Bekleidungsgesch\u00e4ften auch einen Buchladen und Essensangebote hat.<\/p>\n<p>Ein weiterer empfehlenswerter Ort ist das <em>Bay Street Shopping Complex<\/em> in Paceville, St. Julian\u2019s. Auch wenn es kleiner ist als The Point, kann man hier dennoch eine Vielfalt an internationalen Gesch\u00e4ften, Cafeterias und Restaurants finden. F\u00fcr das eher extravagante Shopping Erlebnis gibt es den <em>Portomaso Shopping Complex<\/em><strong>, <\/strong>nahe des Portomaso Turms in Paceville.<\/p>\n<p>Die Hauptstadt Maltas, Valletta, wird meist mit Geschichte und maltesischem Kulturerbe in Verbingung gebracht. Dabei hat sich Valletta schon l\u00e4ngst zu einer der f\u00fchrenden Shopping- und Unterhaltungst\u00e4dte entwickelt und erfreut sich zunehmender Beliebtheit. Das<em> Embassy Shopping Complex<\/em> zum Beispiel bietet einige unterschiedliche Gesch\u00e4fte, sowohl f\u00fcr Teenager als auch f\u00fcr erwachsene Kunden. Neben Einkauftm\u00f6glichkeiten findet man hier auch Unterhaltungsangebote. Schlendert man entlang der Stra\u00dfen Vallettas, findet man viel\u00a0unterschiedlichste Gesch\u00e4fte, die etwas f\u00fcr jeden Geschmack bieten.<\/p>\n<p>Einkaufen\u00a0an einem Sonntag Morgen? Kein Problem! In <em>Valletta<\/em> findet man\u00a0z. B. den gr\u00f6\u00dften Markt Maltas, unter freiem Himmel, direkt au\u00dferhalb der Stadtmauern. Hier findet man eine Vielzahl an Produkten, wie z. B. typisch maltesische Souvenirs. Wen es nicht st\u00f6rt morgens fr\u00fch aufzustehen, sollte nicht den Fischmarkt in <em>Marsaxlokk<\/em>, im S\u00fcdwesten Maltas, oder den<em> It-Tokk<\/em> market in Victoria, Gozo, verpassen. Einen t\u00e4glich stattfindenen Markt gibt es zudem in Valletta, in der <em>Merchant Stra\u00dfe<\/em>. Alle diese M\u00e4rkte bieten\u00a0zudem die typischen Handelswaren, die man auf M\u00e4rkten weltweit findet und sind auf jeden Fall einen Besuch wert.<\/p>\n","protected":false},"excerpt":{"rendered":"Malta Shopping Shopping in Malta kann sehr viel Spa\u00df bereiten, wenn man die richtigen Orte hierf\u00fcr kennt. Es gibt einige gro\u00dfartige Orte,\u00a0in denen\u00a0man auf seine Kosten kommt. Eine sehr neue und relativ gro\u00dfe\u00a0Einrichtung ist The Point in Sliema, dieses Kaufhaus bietet fast alles und das ohne gro\u00dfe Strecken zur\u00fccklegen zu m\u00fcssen. Zwar findet man hier keine in Europa bekannten\u00a0L\u00e4den, wie&nbsp;<a href=\"https:\/\/travelservicesmalta.com\/de\/malta-gozo-comino\/what-to-do-where-to-go\/malta-shopping\/\" class=\"read-more\">Continue Reading<\/a>","protected":false},"author":1,"featured_media":0,"parent":4845,"menu_order":0,"comment_status":"closed","ping_status":"closed","template":"","meta":{"_acf_changed":false,"footnotes":""},"class_list":["post-4787","page","type-page","status-publish","hentry"],"acf":[],"_links":{"self":[{"href":"https:\/\/travelservicesmalta.com\/de\/wp-json\/wp\/v2\/pages\/4787","targetHints":{"allow":["GET"]}}],"collection":[{"href":"https:\/\/travelservicesmalta.com\/de\/wp-json\/wp\/v2\/pages"}],"about":[{"href":"https:\/\/travelservicesmalta.com\/de\/wp-json\/wp\/v2\/types\/page"}],"author":[{"embeddable":true,"href":"https:\/\/travelservicesmalta.com\/de\/wp-json\/wp\/v2\/users\/1"}],"replies":[{"embeddable":true,"href":"https:\/\/travelservicesmalta.com\/de\/wp-json\/wp\/v2\/comments?post=4787"}],"version-history":[{"count":5,"href":"https:\/\/travelservicesmalta.com\/de\/wp-json\/wp\/v2\/pages\/4787\/revisions"}],"predecessor-version":[{"id":4963,"href":"https:\/\/travelservicesmalta.com\/de\/wp-json\/wp\/v2\/pages\/4787\/revisions\/4963"}],"up":[{"embeddable":true,"href":"https:\/\/travelservicesmalta.com\/de\/wp-json\/wp\/v2\/pages\/4845"}],"wp:attachment":[{"href":"https:\/\/travelservicesmalta.com\/de\/wp-json\/wp\/v2\/media?parent=4787"}],"curies":[{"name":"wp","href":"https:\/\/api.w.org\/{rel}","templated":true}]}}