{"id":4766,"date":"2016-02-25T14:21:27","date_gmt":"2016-02-25T14:21:27","guid":{"rendered":"https:\/\/travelservicesmalta.com\/\/\/family-2\/"},"modified":"2016-04-15T09:59:48","modified_gmt":"2016-04-15T08:59:48","slug":"family","status":"publish","type":"page","link":"https:\/\/travelservicesmalta.com\/de\/malta-gozo-comino\/what-to-do-where-to-go\/family\/","title":{"rendered":"Familien"},"content":{"rendered":"<h2>Familien<\/h2>\n<p>Malta ist\u00a0insbesondere f\u00fcr Familien ein sehr geeignetes Urlaubsziel. Zum einen bietet Malta ein Klima, das f\u00fcr junge wie auch f\u00fcr alte Menschen geeignet ist und zum anderen kann Malta leicht und schnell von allen europ\u00e4ischen L\u00e4ndern erreicht werden. Familien k\u00f6nnen an einem der vielen Sand- oder Felsstr\u00e4nden Maltas entspannen,\u00a0sie k\u00f6nnen Wanderungen in die sch\u00f6nen Landschaften unternehmen, ein Piknik machen, oder die vielen Sehensw\u00fcrdigkeiten und das Unterhaltungsangebot wahrnehmen.<\/p>\n<p>F\u00fcr Familien besonders geeignet ist die Gegend Mellieha, da es hier den gr\u00f6\u00dften Sandstrand der Insel gibt und sich diese Gegend weit entfernt von den pulsierenden Gegenden wie Paceville und Sliema befindet. Mellieha\u00a0ist im Norden Maltas gelegen und bietet eine gro\u00dfe Auswahl an Unterkunftsm\u00f6glichkeiten, von Selbstverpflegungsapartments bis hin zu 5-Sterne Hotels mit direkter Strandlage.<\/p>\n<p>Der Norden Maltas ist eine abgelegenere Gegend Maltas, in der man Ruhe und Erholung finden kann. Es ist abgeschieden von den aktiven St\u00e4dten, jedoch ist auch von hier aus alles in reichweite, egal ob man sich ein Auto leiht oder einfach die \u00f6ffentlichen Verkehrsmittel nutzt. Besuchen Sie Sliema oder die Schwesterninseln Gozo und Comino, je nachdem was Sie bevorzugen.<\/p>\n<p>Um die Kinder bei Laune zu halten finden sich auf Malta unz\u00e4hlige Angebote, die jedes Kind lieben wird:<\/p>\n<p><strong>Popeye Village<\/strong><\/p>\n<p>Dieses Dorf wurde ausschlie\u00dflich erbaut, um als Filmset f\u00fcr den Film Popeye zu dienen und ist jetzt ein Open-Air Museum und Unterhaltungskomplex mit Fahrgesch\u00e4ften, einem Kino, Vorstellungen und Spielh\u00e4usern.<\/p>\n<p><strong>Splash and Fun Water Park<\/strong><\/p>\n<p>Hier findet man aufregende Wasserrutschen in verschiedenen Ausf\u00fchrungen, einen der gr\u00f6\u00dften Wellenbecken Europas und ein tolles Unterhaltungsprogramm.<\/p>\n<p><strong>Playmobil Fun Park<\/strong><\/p>\n<p>Ein Innen- und ein Au\u00dfenbereich bieten viele M\u00f6glichkeiten f\u00fcr die Kinder mit verschiedenen\u00a0Attraktionen zu spielen. Genie\u00dfen Sie die Playmobilwelt in einem tollen Umfeld!<\/p>\n<p><strong>Melita Trains<\/strong><\/p>\n<p>Die Melita Trains sind schienenlose, kleine Lokomotiven, die ihre Fahrten au\u00dferhalb Mdinas, in Domus Romana, starten und ein 30-Min\u00fctiges Programm aus Geschichte und Kultur mit grandiosen Ausblicken \u00fcber die Landschaft bieten.<\/p>\n<p><strong>Eden Superbowl<\/strong><\/p>\n<p>Eden Superbowl ist ein Bowlingcenter in Paceville, welches mit diversen Unterhaltungsprogrammen Bowling zu einem unterhaltsamen Erlebnis macht. Hier werden gro\u00dfe, internationale Sportveranstaltungen \u00fcbertragen, Konzerte gegeben und Videospiele, Billiardtische, Tischfu\u00dfball und eine Bar zur Verf\u00fcgung gestellt.<\/p>\n<p><strong>Ice Magic Malta<\/strong><\/p>\n<p>Mit Schlittschuhen unter den F\u00fc\u00dfen kann man einen tollen Tag im Ice Magic Malta verbringen, welches aus einem Bodenbelag aus Kunststoff besteht, das wie echtes Eis wirkt. Ge\u00f6ffnet hat das IceMagic nur im Winter.<\/p>\n<p><strong>Jokers Family Fun<\/strong><\/p>\n<p>Das Jokers ist ein Unterhaltungskomplex f\u00fcr Familien, in dem man zwischen verschiedenen Spielen, Spielautomaten und anderen\u00a0Angeboten w\u00e4hlen kann.<\/p>\n<p><strong>Mediterreano Ma<\/strong><strong>rine Park<\/strong><\/p>\n<p>Ein gro\u00dfartiger Park mit einer Mischung aus Unterhaltung und Bildung, denn hier kann man nicht nur etwas \u00fcber Delphine, tropische V\u00f6gel, Seel\u00f6wen und andere Tieren lernen, sondern sogar Delphine streicheln.<\/p>\n<p><strong>LWS Animal Park<\/strong><\/p>\n<p>Im LWS Animal Park kann man Tiere beobachten, f\u00fcttern und streicheln oder Zeit auf dem Spielplatz verbringen. Eine gute Unterhaltungsm\u00f6glichkeit besonders f\u00fcr kleine Kinder.<\/p>\n","protected":false},"excerpt":{"rendered":"Familien Malta ist\u00a0insbesondere f\u00fcr Familien ein sehr geeignetes Urlaubsziel. Zum einen bietet Malta ein Klima, das f\u00fcr junge wie auch f\u00fcr alte Menschen geeignet ist und zum anderen kann Malta leicht und schnell von allen europ\u00e4ischen L\u00e4ndern erreicht werden. Familien k\u00f6nnen an einem der vielen Sand- oder Felsstr\u00e4nden Maltas entspannen,\u00a0sie k\u00f6nnen Wanderungen in die sch\u00f6nen Landschaften unternehmen, ein Piknik machen,&nbsp;<a href=\"https:\/\/travelservicesmalta.com\/de\/malta-gozo-comino\/what-to-do-where-to-go\/family\/\" class=\"read-more\">Continue Reading<\/a>","protected":false},"author":1,"featured_media":0,"parent":4845,"menu_order":0,"comment_status":"closed","ping_status":"closed","template":"","meta":{"_acf_changed":false,"footnotes":""},"class_list":["post-4766","page","type-page","status-publish","hentry"],"acf":[],"_links":{"self":[{"href":"https:\/\/travelservicesmalta.com\/de\/wp-json\/wp\/v2\/pages\/4766","targetHints":{"allow":["GET"]}}],"collection":[{"href":"https:\/\/travelservicesmalta.com\/de\/wp-json\/wp\/v2\/pages"}],"about":[{"href":"https:\/\/travelservicesmalta.com\/de\/wp-json\/wp\/v2\/types\/page"}],"author":[{"embeddable":true,"href":"https:\/\/travelservicesmalta.com\/de\/wp-json\/wp\/v2\/users\/1"}],"replies":[{"embeddable":true,"href":"https:\/\/travelservicesmalta.com\/de\/wp-json\/wp\/v2\/comments?post=4766"}],"version-history":[{"count":7,"href":"https:\/\/travelservicesmalta.com\/de\/wp-json\/wp\/v2\/pages\/4766\/revisions"}],"predecessor-version":[{"id":4959,"href":"https:\/\/travelservicesmalta.com\/de\/wp-json\/wp\/v2\/pages\/4766\/revisions\/4959"}],"up":[{"embeddable":true,"href":"https:\/\/travelservicesmalta.com\/de\/wp-json\/wp\/v2\/pages\/4845"}],"wp:attachment":[{"href":"https:\/\/travelservicesmalta.com\/de\/wp-json\/wp\/v2\/media?parent=4766"}],"curies":[{"name":"wp","href":"https:\/\/api.w.org\/{rel}","templated":true}]}}