{"id":4756,"date":"2016-02-25T14:20:51","date_gmt":"2016-02-25T14:20:51","guid":{"rendered":"https:\/\/travelservicesmalta.com\/\/\/ecotourism-and-agritourism-2\/"},"modified":"2016-04-15T09:59:42","modified_gmt":"2016-04-15T08:59:42","slug":"ecotourism-and-agritourism","status":"publish","type":"page","link":"https:\/\/travelservicesmalta.com\/de\/malta-gozo-comino\/what-to-do-where-to-go\/ecotourism-and-agritourism\/","title":{"rendered":"\u00d6kotourismus und Agrotourismus"},"content":{"rendered":"<h2>\u00d6kotourismus und Agrotourismus<\/h2>\n<p>Heutzutage gewinnt der \u00d6kotourismus weltweit zunehmend an Beliebtheit. Malta wird nur von wenigen Leute mit \u00d6kotourimus oder Agrotourismus in Verbindung gebracht, da dieses Konzept erst vor kurzem auf den maltesischen Inseln eingef\u00fchrt wurde.  Dennoch gibt es einige sehr interessante Angebote in diesem Sektor, die unbedingt in Betracht gezogen werden sollten, wenn man seinen Urlaub in Malta plant.<\/p>\n<p>Eine Kombination aus Beobachtungs-, Erhaltungs- und Bildungstouren wird in Form von Wanderungen und den Besuchen von Naturschaupl\u00e4tzen angeboten, in denen Kultur, Traditionen und Geschichte der unterschiedlichen Orte miteinander verkn\u00fcpft werden. Man kann z. B. Wanderungen durch die maltesische Natur machen und diese mit Bildung \u00fcber die Flora und Fauna und den geologischen Eigenschaften der Inseln verbinden, oder mit Bildung \u00fcber das Salzsch\u00f6pfen. Man kann die Weing\u00fcter der Inseln besuchen oder sehen, wie auf Malta der Honig hergestellt wird, um nur einige Beispiele zu nennen. Die ausgebildeten Reisef\u00fchrer der verschiedenen \u00d6kotouren k\u00f6nnen den G\u00e4sten die Flora und Fauna erkl\u00e4ren und welche wichtige Rolle diese \u00fcber die Jahre f\u00fcr die Gesellschaft gespielt hat.<\/p>\n<p>Auch der Agrotourismus hat begonnen sich in Malta zu entwickeln, bei dem man die M\u00f6glichkeit hat, sich auf den Farmen der Bauern \u00fcber die Traditionen und Lebens- und Arbeitsweisen dieser zu informieren und die traditionelle, l\u00e4ndliche K\u00fcche der lokalen Bauern kennen zu lernen.  <\/p>\n<p>Um den CO2 \u2013 Aussto\u00df zu verringern bem\u00fchen sich auch Hotels und Transportunternehmen zunehmend ihre Produkte zu verbessern, um so ein allgemeines \u00f6kologisch-nachhaltiges Tourismuserlebnis zu erm\u00f6glichen.<\/p>\n","protected":false},"excerpt":{"rendered":"\u00d6kotourismus und Agrotourismus Heutzutage gewinnt der \u00d6kotourismus weltweit zunehmend an Beliebtheit. Malta wird nur von wenigen Leute mit \u00d6kotourimus oder Agrotourismus in Verbindung gebracht, da dieses Konzept erst vor kurzem auf den maltesischen Inseln eingef\u00fchrt wurde. Dennoch gibt es einige sehr interessante Angebote in diesem Sektor, die unbedingt in Betracht gezogen werden sollten, wenn man seinen Urlaub in Malta plant.&nbsp;<a href=\"https:\/\/travelservicesmalta.com\/de\/malta-gozo-comino\/what-to-do-where-to-go\/ecotourism-and-agritourism\/\" class=\"read-more\">Continue Reading<\/a>","protected":false},"author":1,"featured_media":0,"parent":4845,"menu_order":0,"comment_status":"closed","ping_status":"closed","template":"","meta":{"_acf_changed":false,"footnotes":""},"class_list":["post-4756","page","type-page","status-publish","hentry"],"acf":[],"_links":{"self":[{"href":"https:\/\/travelservicesmalta.com\/de\/wp-json\/wp\/v2\/pages\/4756","targetHints":{"allow":["GET"]}}],"collection":[{"href":"https:\/\/travelservicesmalta.com\/de\/wp-json\/wp\/v2\/pages"}],"about":[{"href":"https:\/\/travelservicesmalta.com\/de\/wp-json\/wp\/v2\/types\/page"}],"author":[{"embeddable":true,"href":"https:\/\/travelservicesmalta.com\/de\/wp-json\/wp\/v2\/users\/1"}],"replies":[{"embeddable":true,"href":"https:\/\/travelservicesmalta.com\/de\/wp-json\/wp\/v2\/comments?post=4756"}],"version-history":[{"count":4,"href":"https:\/\/travelservicesmalta.com\/de\/wp-json\/wp\/v2\/pages\/4756\/revisions"}],"predecessor-version":[{"id":4958,"href":"https:\/\/travelservicesmalta.com\/de\/wp-json\/wp\/v2\/pages\/4756\/revisions\/4958"}],"up":[{"embeddable":true,"href":"https:\/\/travelservicesmalta.com\/de\/wp-json\/wp\/v2\/pages\/4845"}],"wp:attachment":[{"href":"https:\/\/travelservicesmalta.com\/de\/wp-json\/wp\/v2\/media?parent=4756"}],"curies":[{"name":"wp","href":"https:\/\/api.w.org\/{rel}","templated":true}]}}