{"id":4747,"date":"2016-02-25T14:20:31","date_gmt":"2016-02-25T14:20:31","guid":{"rendered":"https:\/\/travelservicesmalta.com\/\/\/carnival-festas-2\/"},"modified":"2016-04-15T09:58:20","modified_gmt":"2016-04-15T08:58:20","slug":"carnival-festas","status":"publish","type":"page","link":"https:\/\/travelservicesmalta.com\/de\/malta-gozo-comino\/what-to-do-where-to-go\/carnival-festas\/","title":{"rendered":"Karneval &#038; Festas"},"content":{"rendered":"<h2>Karneval &amp; Festas<\/h2>\n<p><strong>Malta Karneval<\/strong><\/p>\n<p>Der maltesische Karneval findet jedes Jahr Ende Februar statt und seine Geschichte reicht bis in\u00b4s 16. Jahrhundert zur\u00fcck. Die Festlichkeiten finden auf den maltesischen Inseln statt und sollten auf keinen Fall verpasst werden, wenn man sich zu dieser Zeit auf Malta befindet. Das Herz des Karnevals befindet sich in Valletta und Floriana, aber auch auf Gozo, wo vor allem die junge Generation zum Wochenende hinstr\u00f6mt. \u00dcberall in den Stra\u00dfen sieht man bunt gekleidete Meschen und spezielle Festwagen, die durch die Stra\u00dfen fahren und die Menge mit Musik und Tanz unterhalten. Man kann entweder das Spektakel von Au\u00dfen genie\u00dfen oder aber selbst in ein Kost\u00fcm schl\u00fcpfen und hautnah dabei sein. W\u00e4hrend der Karneval in Malta viele unterschiedliche und fr\u00f6hliche Farben bietet und man hier einen sch\u00f6nen Tag mit der ganzen Familie genie\u00dfen kann, ist der Karneval in Gozo eher was f\u00fcr junge Erwachsene, die auf der Suche nach einer langen Partynacht sind. Auch die Themen im Karneval auf Gozo sind dunkler und gewagter. Das Hauptgeschehen findet in Nadur statt.<\/p>\n<p><strong>Festas<\/strong><\/p>\n<p>Da Malta ein sehr katholisches Land ist, gibt es viele sogenannte Festas, die an fast jedem Wochenende, \u00fcberwiegend von Mai bis September, in unterschiedlichen Orten, stattfinden. Diese Festas sind religi\u00f6se Feierlichkeiten, die von der Kirche organisiert werden, aber abgesehen vom religi\u00f6sen Teil auch Tage der Freude und des Spa\u00dfes in den D\u00f6rfern sind. Normalerweise dauert eine maltesische Festa ca. 3 Tage an. Sie werden gefeiert, um den Schutzheiligen oder andere Heilige des jeweiligen Ortes zu feiern. Dieses Ereignis ist darum sehr speziell, weil die Orte mit Flaggen, Statuen, Girlanden und mehr bunt geschm\u00fcckt sind.<\/p>\n<p>Auch bieten diese Festas zahlreiche St\u00e4nde, die sowohl maltesiche Produkte wie Nougat verkaufen als\u00a0auch Fast Food. Gelegentlich haben Besucher vielleicht sogar die M\u00f6glichkeit Einblick\u00a0in ein traditionelles Zuhause eines Maltesers zu bekommen. Ein Highlight ist eine maltesische Hochzeit oder die Bodenfeuerwerke, die w\u00e4hrend dieser Festas stattfinden.<\/p>\n","protected":false},"excerpt":{"rendered":"Karneval &amp; Festas Malta Karneval Der maltesische Karneval findet jedes Jahr Ende Februar statt und seine Geschichte reicht bis in\u00b4s 16. Jahrhundert zur\u00fcck. Die Festlichkeiten finden auf den maltesischen Inseln statt und sollten auf keinen Fall verpasst werden, wenn man sich zu dieser Zeit auf Malta befindet. Das Herz des Karnevals befindet sich in Valletta und Floriana, aber auch auf&nbsp;<a href=\"https:\/\/travelservicesmalta.com\/de\/malta-gozo-comino\/what-to-do-where-to-go\/carnival-festas\/\" class=\"read-more\">Continue Reading<\/a>","protected":false},"author":1,"featured_media":0,"parent":4845,"menu_order":0,"comment_status":"closed","ping_status":"closed","template":"","meta":{"_acf_changed":false,"footnotes":""},"class_list":["post-4747","page","type-page","status-publish","hentry"],"acf":[],"_links":{"self":[{"href":"https:\/\/travelservicesmalta.com\/de\/wp-json\/wp\/v2\/pages\/4747","targetHints":{"allow":["GET"]}}],"collection":[{"href":"https:\/\/travelservicesmalta.com\/de\/wp-json\/wp\/v2\/pages"}],"about":[{"href":"https:\/\/travelservicesmalta.com\/de\/wp-json\/wp\/v2\/types\/page"}],"author":[{"embeddable":true,"href":"https:\/\/travelservicesmalta.com\/de\/wp-json\/wp\/v2\/users\/1"}],"replies":[{"embeddable":true,"href":"https:\/\/travelservicesmalta.com\/de\/wp-json\/wp\/v2\/comments?post=4747"}],"version-history":[{"count":5,"href":"https:\/\/travelservicesmalta.com\/de\/wp-json\/wp\/v2\/pages\/4747\/revisions"}],"predecessor-version":[{"id":4957,"href":"https:\/\/travelservicesmalta.com\/de\/wp-json\/wp\/v2\/pages\/4747\/revisions\/4957"}],"up":[{"embeddable":true,"href":"https:\/\/travelservicesmalta.com\/de\/wp-json\/wp\/v2\/pages\/4845"}],"wp:attachment":[{"href":"https:\/\/travelservicesmalta.com\/de\/wp-json\/wp\/v2\/media?parent=4747"}],"curies":[{"name":"wp","href":"https:\/\/api.w.org\/{rel}","templated":true}]}}