{"id":4736,"date":"2016-02-25T14:18:12","date_gmt":"2016-02-25T14:18:12","guid":{"rendered":"https:\/\/travelservicesmalta.com\/\/\/art-culture-entertainment-2\/"},"modified":"2016-04-15T09:57:14","modified_gmt":"2016-04-15T08:57:14","slug":"art-culture-entertainment","status":"publish","type":"page","link":"https:\/\/travelservicesmalta.com\/de\/malta-gozo-comino\/what-to-do-where-to-go\/art-culture-entertainment\/","title":{"rendered":"Kunst, Kultur und Unterhaltung"},"content":{"rendered":"<h2>Kunst, Kultur und\u00a0Unterhaltung<\/h2>\n<p>Malta hat eine sehr etablierte Kunst, Kultur &amp; Unterhaltungsszene sowie viele Veranstaltungen, die sich mit diesem Thema befassen. Durch die vielen Belagerungen durch unterschiedliche L\u00e4nder hat Malta heutzutage eine sehr reiche Kultur. In allen Teilen Maltas, Gozos und Cominos sieht und sp\u00fcrt man die Einfl\u00fcsse der unterschiedlichen Kulturen und man erf\u00e4hrt Geschichte vom Feinsten.<\/p>\n<p>Die \u201cSt. John\u2019s Co-Kathedrale\u201d in Valletta ist definitiv einen Besuch wert und umfasst auch ein Museum, welches interessante Geschichte bietet. Weitere interessante Orte in Valletta sind der \u201cGro\u00dfmeisterpalast\u201d und die \u201cAuberge de Provence\u201d mit dem \u201cMuseum der Archaeologie\u201d f\u00fcr alle Kultur- und Geschichtsliebhaber.<\/p>\n<p>Weiter sollte man nicht das \u201cArlame\u201d verpassen, welches eine milit\u00e4rische Nachstellung der Besetzung Maltas duch die franz\u00f6sischen Truppen und die sp\u00e4tere R\u00fcckgewinnung Maltas ist.<\/p>\n<p>Im Museum der Geschichte \u201cFort Rinella\u201d finden man eine sehr aktive Geschichte, die von Schauspielern pr\u00e4sentiert wird.<\/p>\n<p>Die \u201cIn Guardia Parade\u201d findet am Fort St. Elmo statt und veranschaulicht die \u00dcberwachung und Besatzung dieser durch die Ritte.<\/p>\n<p>\u201cThe Malta Experience\u201d befindet sich in Valletta und vermittelt ein Verst\u00e4ndnis \u00fcber die lange maltesische Geschichte in Form eines Dokumentarfilms, der in 16 Sprachen verf\u00fcgbar ist.<\/p>\n<p>Aufgrund der steigenden Touristenank\u00fcnfte auf Malta hat die Kunst- und Handwerksindustrie in den letzten Jahren deutlich an Bedeutung zugenommen. In vielen D\u00f6rfern findet man St\u00e4nde, die maltesisch traditionelle Handarbeiten zeigen und verkaufen. Ta\u00b4Qali ist ein eigenes Kunstdorf, in dem viele handgemachte Souvenirs hergestellt und verkauft werden.<\/p>\n","protected":false},"excerpt":{"rendered":"Kunst, Kultur und\u00a0Unterhaltung Malta hat eine sehr etablierte Kunst, Kultur &amp; Unterhaltungsszene sowie viele Veranstaltungen, die sich mit diesem Thema befassen. Durch die vielen Belagerungen durch unterschiedliche L\u00e4nder hat Malta heutzutage eine sehr reiche Kultur. In allen Teilen Maltas, Gozos und Cominos sieht und sp\u00fcrt man die Einfl\u00fcsse der unterschiedlichen Kulturen und man erf\u00e4hrt Geschichte vom Feinsten. Die \u201cSt. John\u2019s&nbsp;<a href=\"https:\/\/travelservicesmalta.com\/de\/malta-gozo-comino\/what-to-do-where-to-go\/art-culture-entertainment\/\" class=\"read-more\">Continue Reading<\/a>","protected":false},"author":1,"featured_media":0,"parent":4845,"menu_order":0,"comment_status":"closed","ping_status":"closed","template":"","meta":{"_acf_changed":false,"footnotes":""},"class_list":["post-4736","page","type-page","status-publish","hentry"],"acf":[],"_links":{"self":[{"href":"https:\/\/travelservicesmalta.com\/de\/wp-json\/wp\/v2\/pages\/4736","targetHints":{"allow":["GET"]}}],"collection":[{"href":"https:\/\/travelservicesmalta.com\/de\/wp-json\/wp\/v2\/pages"}],"about":[{"href":"https:\/\/travelservicesmalta.com\/de\/wp-json\/wp\/v2\/types\/page"}],"author":[{"embeddable":true,"href":"https:\/\/travelservicesmalta.com\/de\/wp-json\/wp\/v2\/users\/1"}],"replies":[{"embeddable":true,"href":"https:\/\/travelservicesmalta.com\/de\/wp-json\/wp\/v2\/comments?post=4736"}],"version-history":[{"count":6,"href":"https:\/\/travelservicesmalta.com\/de\/wp-json\/wp\/v2\/pages\/4736\/revisions"}],"predecessor-version":[{"id":4955,"href":"https:\/\/travelservicesmalta.com\/de\/wp-json\/wp\/v2\/pages\/4736\/revisions\/4955"}],"up":[{"embeddable":true,"href":"https:\/\/travelservicesmalta.com\/de\/wp-json\/wp\/v2\/pages\/4845"}],"wp:attachment":[{"href":"https:\/\/travelservicesmalta.com\/de\/wp-json\/wp\/v2\/media?parent=4736"}],"curies":[{"name":"wp","href":"https:\/\/api.w.org\/{rel}","templated":true}]}}