{"id":4603,"date":"2016-02-26T09:32:18","date_gmt":"2016-02-26T09:32:18","guid":{"rendered":"https:\/\/travelservicesmalta.com\/\/\/general-statistics-2\/"},"modified":"2016-04-15T09:21:03","modified_gmt":"2016-04-15T08:21:03","slug":"general-statistics","status":"publish","type":"page","link":"https:\/\/travelservicesmalta.com\/de\/malta-gozo-comino\/general-statistics\/","title":{"rendered":"Allgemeines"},"content":{"rendered":"<section class=\"parallax-box parallax-box__style-1 margin-t-n\"><div class=\"parallax-content\"><\/div><div data-speed=\"3\" class=\"parallax-bg\" style=\"background:url('top-default.jpg') no-repeat center 0; left:50%; margin-left:-960px; width:1920px\"><\/div><\/section>\n<h1 class=\"text-blue\">Malta, Gozo und Comino<\/h1>\n<h2 class=\"margin-b-20\">ALLGEMEINES<\/h2>\n<table class=\"text-left\" cellspacing=\"0\" cellpadding=\"5\">\n<tbody>\n<tr>\n<td class=\"span3\">Lage<\/td>\n<td>Im Mittelmeer gelegen, 93 km s\u00fcdlich von Sizilien und 290 km vom Afrikanischen Festland entfernt<\/td>\n<\/tr>\n<tr>\n<td>Die Inseln<\/td>\n<td>Malta, Gozo, Comino, Cominotto, Filfla<\/td>\n<\/tr>\n<tr>\n<td>Hauptstadt<\/td>\n<td>Valletta<\/td>\n<\/tr>\n<tr>\n<td>Bev\u00f6lkerung<\/td>\n<td>417 608 (Stand: August 2011)<\/td>\n<\/tr>\n<tr>\n<td>Fl\u00e4che<\/td>\n<td>316 km2<\/td>\n<\/tr>\n<tr>\n<td>L\u00e4nge<\/td>\n<td>27 km (Malta) \/ 14 km (Gozo)<\/td>\n<\/tr>\n<tr>\n<td>Breite<\/td>\n<td>15 km (Malta) \/ 7 km (Gozo)<\/td>\n<\/tr>\n<tr>\n<td>K\u00fcstenlinie<\/td>\n<td>252.81km<\/td>\n<\/tr>\n<tr>\n<td>Ethnische Gruppen<\/td>\n<td>Maltesisch 95.3 %<br \/>\nBritisch 1.6 %<br \/>\nAndere 3.1 %<\/td>\n<\/tr>\n<tr>\n<td>Religionen<\/td>\n<td>R\u00f6misch-Katholisch (offiziell) 98%<\/td>\n<\/tr>\n<tr>\n<td>W\u00e4hrung<\/td>\n<td>EURO (seit 2008)<\/td>\n<\/tr>\n<tr>\n<td>Zeitzone<\/td>\n<td>MEZ \/ MESZ im Sommer<\/td>\n<\/tr>\n<tr>\n<td>Verkehr<\/td>\n<td>Linksverkehr<\/td>\n<\/tr>\n<tr>\n<td>Internationale Vorwahl<\/td>\n<td>+356<\/td>\n<\/tr>\n<tr>\n<td>Landesspezifischer, oberster Dom\u00e4nenname<\/td>\n<td>.mt<\/td>\n<\/tr>\n<tr>\n<td>UNESCO Weltkulturerbest\u00e4tte<\/td>\n<td>3 (Valletta, Hypog\u00e4um Hal Saflieni, Megalithische Tempel)<\/td>\n<\/tr>\n<tr>\n<td>Klima<\/td>\n<td>Subtropisch - Mediterran<\/td>\n<\/tr>\n<tr>\n<td>Durchschnittstemperaturen<\/td>\n<td>15.2 \u00b0C (Januar) - 30.7\u00b0C (August)<\/td>\n<\/tr>\n<tr>\n<td>Regierung<\/td>\n<td>Parlamentarische Republik (seit 1974)<\/td>\n<\/tr>\n<\/tbody>\n<\/table>\n<div class=\"spacer\"><\/div><!-- .spacer (end) -->\n<div class=\"spacer\"><\/div><!-- .spacer (end) -->\n<div class=\"spacer\"><\/div><!-- .spacer (end) -->\n<section class=\"parallax-box parallax-box__style-1\"><div class=\"parallax-content\"><\/div><div data-speed=\"3\" class=\"parallax-bg\" style=\"background:url('getting-here-around.jpg') no-repeat center 0; left:50%; margin-left:-960px; width:1920px\"><\/div><\/section>\n<h1 class=\"text-orange\">TRANSPORT NACH UND<br \/>\nIN MALTA<\/h1>\n<div class=\"features-box\">\n<h3>Maltas Internationaler Flughafen<\/h3>\n<p>Der Hauptankunftsort f\u00fcr Touristen in Malta ist der internationale Flughafen Luqa. Der Flughafen bietet Fl\u00fcge zu allen gr\u00f6\u00dferen europ\u00e4ischen Drehkreuzen und das, in den meisten F\u00e4llen, mit einer Flugzeit von weniger als 3 Stunden. Vom europ\u00e4ischen Flughafenamt als bester europ\u00e4ischer Flughafen in 2011 ausgezeichnet, bietet der internationale Flughafen Malta alle Leistungen, um einen Urlaub angenehm beginnen oder enden zu lassen. <a href=\"http:\/\/passengers.maltairport.com\/en\/arrivals.htm\" target=\"_blank\">Ankunft<\/a>\/<a href=\"http:\/\/passengers.maltairport.com\/en\/departures.htm\" target=\"_blank\">Abflug<\/a> Zeitplan von MIA Website.<\/p>\n<h3>Maltas Seehafen<\/h3>\n<p>Da Malta eine Insel ist, gibt es auch diverse Verbindung \u00fcber das Meer zum Festland. Zahlreiche F\u00e4hren verbinden Europa (haupts\u00e4chlich Italien) und Malta, wie z. B. <a href=\"http:\/\/www.virtuferries.com\/\" target=\"_blank\">Virtu Ferries<\/a>, die eine Fahrt von Malta nach Sizilien oder umgekehrt in nur 90 Minuten erm\u00f6glichen.<\/p>\n<h3>Transport zum\/vom Flughafen\/Seehafen<\/h3>\n<p>Der internationale Flughafen Malta ist mit den \u00f6ffentlichen Bussen leicht erreichbar. Eine Reihe der Buslinien des k\u00fcrzlich eingef\u00fchrten Arriva Fuhrparks bef\u00f6rdert Touristen zu den Haupttourismuszentren der Insel. Dar\u00fcber hinaus bieten private Firmen ihren Taxiservice in der Ankunftshalle des Flughafens. F\u00fcr Kunden, die einen stressfreien Flughafentransfer bevorzugen, werden wir diesen gerne organisieren. Wir stellen eine Haus zu Haus Bef\u00f6rderung, vom Flughafen zur Unterkunft und zur\u00fcck, bereit. Der passende Transfer kann <a href=\"#\" target=\"_blank\">hier<\/a> gebucht werden.<\/p>\n<h3>\u00d6ffentliche Verkehrsmittel in Malta<\/h3>\n<p>In 2011 hat das in London ans\u00e4ssige Unternehmen Arriva den \u00f6ffentlichen Verkehrsbetrieb in Malta \u00fcbernommen und die traditionellen, gelben Busse durch einen modernen Fuhrpark aus gr\u00fcnen Fahrzeugen ersetzt. Die neuen, klimatisierten Busse verkehren zwischen allen Zentren Maltas, mit Valletta als die zentrale Anlaufstelle. Busse nach Valletta verkehren von jedem kleinen Ort Maltas. In Gozo ist Victoria der zentrale Knotenpunkt f\u00fcr den \u00f6ffentlichen Verkehr. Detaillierte Fahrpl\u00e4ne und Preise k\u00f6nnen <a href=\"http:\/\/www.arriva.com.mt\/\" target=\"_blank\">hier <\/a>nachgesehen werde.<\/p>\n<h3>Autovermietung in Malta<\/h3>\n<p>Viele Touristen bevorzugen es flexibel zu sein und mieten ein Auto. Es gibt zahlreiche Autovermietungen in Malta, die gute Autos zur Verf\u00fcgung stellen. Einige der Autovermietungen sind am internationalen Flughafen Malta , sowie in den Haupttouristenorten der Insel anzufinden. Auch wenn es f\u00fcr Touristen des Europ\u00e4ischen Festlandes eine Herausforderung sein mag sich an den Linksverkehr zu gew\u00f6hnen, ist es eine gute M\u00f6glichkeit den wundersch\u00f6nen, unber\u00fchrten l\u00e4ndlichen Raum Maltas zu genie\u00dfen. Wenn Sie ein Auto auf Malta mieten m\u00f6chten, senden Sie uns eine Anfrage. Gerne stellen wir Ihnen dass passende Angebot bereit.<\/p>\n<\/div>\n<div class=\"content_box bg-standard \">\n<div class=\"title-box clearfix large-title blue-title\"><h2 class=\"title-box_primary\">Explore &amp; discover<\/h2><h3 class=\"title-box_secondary\">Robert Arrigo &amp; Sons Ltd. can provide you with a wide variety of Accommodation and Land Services, different types of Group Travel, possibilities regarding Meeting, Events and Conferences via A+DMC, and Special Interest Travel.<\/h3><\/div><!-- \/\/.title-box -->\n<section class=\"lazy-load-box trigger effect-fade \" data-delay=\"0\" data-speed=\"600\" style=\"-webkit-transition: all 600ms ease; -moz-transition: all 600ms ease; -ms-transition: all 600ms ease; -o-transition: all 600ms ease; transition: all 600ms ease;\">\n<ul class=\"posts-grid row-fluid unstyled posts-grid__style-1 bottom-posts-box ul-item-0\"><li class=\"span3 list-item-1\"><figure class=\"featured-thumbnail thumbnail\"><a title=\"Accommodation &#038; Land Services\"href=\"\/our-services\/accommodation-land-services\/\" rel=\"\"><img decoding=\"async\" src=\"https:\/\/travelservicesmalta.com\/wp-content\/uploads\/2019\/04\/Corinthia_Hotel_StGeorges_Bay_4-260x260.jpg\" alt=\"Accommodation &#038; Land Services\" \/><span class=\"zoom-icon\"><\/span><\/a><\/figure><div class=\"clear\"><\/div><h5><a href=\"\/our-services\/accommodation-land-services\/\" title=\"Accommodation &#038; Land Services\">Accommodation &#038; Land Services<\/a><\/h5><span class=\"subtitle\">Natoque<\/span><div class=\"post_networks\"><ul class=\"clearfix unstyled\"><li class=\"network_0\"><a href=\"https:\/\/www.facebook.com\/travelservicesmalta\/\" title=\"\"><span class=\"icon-facebook\"><\/span><\/a><\/li><\/ul><\/div><div class=\"excerpt\">Robert Arrigo & Sons Ltd. offer a choice of over 100 Hotels, Transfers, 24h Assistance & Excursions.<\/div><a href=\"\/our-services\/accommodation-land-services\/\" class=\"btn btn-primary\" title=\"Accommodation &#038; Land Services\">Mehr info<\/a><\/li><li class=\"span3 list-item-2\"><figure class=\"featured-thumbnail thumbnail\"><a title=\"Meetings &#038; Events\"href=\"\/our-services\/group-travel\/#meetings_events\" rel=\"\"><img decoding=\"async\" src=\"https:\/\/travelservicesmalta.com\/wp-content\/uploads\/2019\/04\/Onsite_Malta__Saluting_Battery-260x260.jpg\" alt=\"Meetings &#038; Events\" \/><span class=\"zoom-icon\"><\/span><\/a><\/figure><div class=\"clear\"><\/div><h5><a href=\"\/our-services\/group-travel\/#meetings_events\" title=\"Meetings &#038; Events\">Meetings &#038; Events<\/a><\/h5><span class=\"subtitle\">Penatibus et magnis<\/span><div class=\"post_networks\"><ul class=\"clearfix unstyled\"><li class=\"network_0\"><a href=\"https:\/\/www.facebook.com\/travelservicesmalta\/\" title=\"\"><span class=\"icon-facebook\"><\/span><\/a><\/li><\/ul><\/div><div class=\"excerpt\">A dedicated team at your service under the brand A+DMC by Robert Arrigo & Sons for M.I.C.E enquiries.<\/div><a href=\"\/our-services\/group-travel\/#meetings_events\" class=\"btn btn-primary\" title=\"Meetings &#038; Events\">Mehr info<\/a><\/li><\/ul>\n<\/section>\n<div class=\"clear\"><\/div><\/div><!-- .content_box (end) -->\n","protected":false},"excerpt":{"rendered":"Malta, Gozo und Comino ALLGEMEINES Lage Im Mittelmeer gelegen, 93 km s\u00fcdlich von Sizilien und 290 km vom Afrikanischen Festland entfernt Die Inseln Malta, Gozo, Comino, Cominotto, Filfla Hauptstadt Valletta Bev\u00f6lkerung 417 608 (Stand: August 2011) Fl\u00e4che 316 km2 L\u00e4nge 27 km (Malta) \/ 14 km (Gozo) Breite 15 km (Malta) \/ 7 km (Gozo) K\u00fcstenlinie 252.81km Ethnische Gruppen Maltesisch&nbsp;<a href=\"https:\/\/travelservicesmalta.com\/de\/services-view\/group-travel\/\" class=\"read-more\">Continue Reading<\/a>","protected":false},"author":1,"featured_media":0,"parent":4865,"menu_order":0,"comment_status":"closed","ping_status":"closed","template":"page-fullwidth.php","meta":{"_acf_changed":false,"footnotes":""},"class_list":["post-4603","page","type-page","status-publish","hentry"],"acf":[],"_links":{"self":[{"href":"https:\/\/travelservicesmalta.com\/de\/wp-json\/wp\/v2\/pages\/4603","targetHints":{"allow":["GET"]}}],"collection":[{"href":"https:\/\/travelservicesmalta.com\/de\/wp-json\/wp\/v2\/pages"}],"about":[{"href":"https:\/\/travelservicesmalta.com\/de\/wp-json\/wp\/v2\/types\/page"}],"author":[{"embeddable":true,"href":"https:\/\/travelservicesmalta.com\/de\/wp-json\/wp\/v2\/users\/1"}],"replies":[{"embeddable":true,"href":"https:\/\/travelservicesmalta.com\/de\/wp-json\/wp\/v2\/comments?post=4603"}],"version-history":[{"count":18,"href":"https:\/\/travelservicesmalta.com\/de\/wp-json\/wp\/v2\/pages\/4603\/revisions"}],"predecessor-version":[{"id":4933,"href":"https:\/\/travelservicesmalta.com\/de\/wp-json\/wp\/v2\/pages\/4603\/revisions\/4933"}],"up":[{"embeddable":true,"href":"https:\/\/travelservicesmalta.com\/de\/wp-json\/wp\/v2\/pages\/4865"}],"wp:attachment":[{"href":"https:\/\/travelservicesmalta.com\/de\/wp-json\/wp\/v2\/media?parent=4603"}],"curies":[{"name":"wp","href":"https:\/\/api.w.org\/{rel}","templated":true}]}}