{"id":4571,"date":"2016-02-25T14:07:05","date_gmt":"2016-02-25T14:07:05","guid":{"rendered":"https:\/\/travelservicesmalta.com\/\/\/our-services\/group-travel\/"},"modified":"2016-04-14T06:48:43","modified_gmt":"2016-04-14T05:48:43","slug":"group-travel","status":"publish","type":"page","link":"https:\/\/travelservicesmalta.com\/de\/our-services\/group-travel\/","title":{"rendered":"Gruppenreisen"},"content":{"rendered":"<section class=\"parallax-box parallax-box__style-1 margin-t-n\"><div class=\"parallax-content\"><\/div><div data-speed=\"3\" class=\"parallax-bg\" style=\"background:url('group-travel.jpg') no-repeat center 0; left:50%; margin-left:-960px; width:1920px\"><\/div><\/section>\n<div class=\"text-box\">\n<h1>GRUPPENREISEN<\/h1>\n<h3>Unsere spezialisierte Gruppenreiseabteilung kann jede Art von Gruppenreisen bedienen. Ob es eine Studienreise mit besonderem Flair, ein religi\u00f6ses oder kulturelles Programm, oder ein ma\u00dfgeschneidertes Programm f\u00fcr Gruppen mit speziellen Anforderungen ist, wir k\u00f6nnen mit ausgew\u00e4hlten Angeboten und Transport Logistik ein individuelles Angebot bereitstellen und so Ihre Anforderungen erf\u00fcllen und Ihre Erwartungen \u00fcbertreffen.<\/h3>\n<h3>Wir haben weitreichende Erfahrungen mit Gruppenreisen wie...<\/h3>\n<\/div>\n<div class=\"spacer\"><\/div><!-- .spacer (end) --><div class=\"spacer\"><\/div><!-- .spacer (end) -->\n<div class=\"features-box\">\n<h3>Kulturelle Gruppenreisen<\/h3>\n<p>Besuche von Sehensw\u00fcrdigkeiten und Orten von besonderem Interesse. Diese Gruppenreisen k\u00f6nnten den Besuch der wichigsten Kunstmuseen, Gallerien, Restaurants oder Weing\u00fcter beinhalten.<\/p>\n<h3>Golf &amp; Abenteuer-Gruppenreisen<\/h3>\n<p>Reisen Sie abseits vom Touristenrummel und erleben Sie die Atmosph\u00e4re, Traditionen und die nat\u00fcrliche Sch\u00f6nheit des maltesischen Archipels. Ganzjahresaktivit\u00e4ten beinhalten Jeepsafaris, Segelturns, Radausfl\u00fcge, Wandertouren, Wassersportaktivit\u00e4ten und viele weitere Angebote.<\/p>\n<h3>Bootsausfl\u00fcge f\u00fcr Gruppen<\/h3>\n<p>Entdecken Sie das Herz des Mittelmeers und sein kristallklares Wasser w\u00e4hrend Sie entlang der maltesischen K\u00fcste mit all ihren atemberaubenden Kulissen, Str\u00e4nden und der Blauen Lagune segeln. Vielf\u00e4ltige M\u00f6glichkeiten f\u00fcr themenorientierte Gourmetmittagessen und Abendessen sind verf\u00fcgbar, zu denen feiner lokaler Wein an Bord serviert wird.<\/p>\n<h3>Pilgerreisen &amp; Religi\u00f6se Gruppenreisen<\/h3>\n<p>Feiern Sie das dritte Millenium von Jesus Christus Arbeit und Botschaft der Erl\u00f6sung indem Sie eine Pilgerreise zu einer der vielen Schreine des Archipels unternehmen. Wir machen ma\u00dfgeschneiderte Programme, die von unz\u00e4hligen, pr\u00e4chtigen Kirchen und Kathedralen bis zu den Megalithtempeln, von der St. Paul\u00b4s Insel bis zum Ta\u00b4Pinu Heiligtum reichen.<\/p>\n<h3>L\u00e4ndliche &amp; Landwirtschaftliche Gruppenreisen<\/h3>\n<p>Lassen Sie uns Ihnen eine kundenorientierte Tour kreieren, welche die technischen, belehrenden und kulturellen Anforderungen der Kunden erf\u00fcllt. Robert Arrigo &amp; Sons Ltd. wird Ihnen helfen eine kundenorientierte, qualitativ internationale Erfahrung aufzubauen, die den speziellen Anforderungen Ihrer Organisation oder Gruppe gerecht wird.<\/p>\n<\/div>\n<div class=\"spacer\"><\/div><!-- .spacer (end) -->\n<section class=\"parallax-box parallax-box__style-1\"><div class=\"parallax-content\"><\/div><div data-speed=\"3\" class=\"parallax-bg\" style=\"background:url('meetings-events.jpg') no-repeat center 0; left:50%; margin-left:-960px; width:1920px\"><\/div><\/section>\n<div class=\"text-box\">\n<h1 class=\"text-red\">MEETINGS &amp; VERANSTALTUNGEN<\/h1>\n<h3>A+DMC, von Robert Arrigo &amp; Sons Ltd., war schon immer ein Markenname in diesem Segment und verf\u00fcgt \u00fcber einen sehr guten Ruf von ma\u00dfgeschneiderten, lebhaften Programmen, mit einem hohen Motivationsfaktor und einer perfekten Organisation von Unternehmenskonferenzen.<\/h3>\n<h3>Wir bieten eine gro\u00dfe Auswahl an Luxushotels, von denen die meisten gut ausgearbeitete Konferenzeinrichtungen und Zubeh\u00f6r haben, die Gruppen von jeglicher Gr\u00f6\u00dfe beherbergen k\u00f6nnen. Allein das pr\u00e4chtige Mediterranean Conference Centre in Valletta kann \u00fcber 1000 Abgeordnete in einem speziellen, einzigartigen Ambiente beherbergen.<\/h3>\n<h3>Dar\u00fcber hinaus k\u00f6nnen Sie bei uns ein ruhiges Gewissen haben, da Sie mit Spezialisten zusammen arbeiten, die in der Lage sind, jegliche Situation zu regeln und Ihnen logistische Unterst\u00fctzung geben, um jede Veranstaltung einen unvergleichbaren Erfolg werden zu lassen.<\/h3>\n<h3>\u00fcr weitere Informationen bez\u00fcglich unserer Empfehlung f\u00fcr Ihre Anfragen zu Konferenzen, Meetings und Veranstaltungen, besuchen Sie bitte die offizielle Internetseite <a href=\"http:\/\/www.aplusdmc.com\" target=\"_blank\">A+DMC<\/a>.<\/h3>\n<\/div>\n<div class=\"spacer\"><\/div><!-- .spacer (end) --><div class=\"spacer\"><\/div><!-- .spacer (end) -->\n<section class=\"parallax-box parallax-box__style-1\"><div class=\"parallax-content\"><\/div><div data-speed=\"3\" class=\"parallax-bg\" style=\"background:url('special-interest-travel.jpg') no-repeat center 0; left:50%; margin-left:-960px; width:1920px\"><\/div><\/section>\n<div class=\"text-box\">\n<h1 class=\"text-blue\">REISEN F\u00dcR BESONDERE INTERESSEN<\/h1>\n<h3>Neben unserem gro\u00dfen Angebot f\u00fcr den Durchschnittstourismus, haben wir uns auch dem Tourismus f\u00fcr besondere Interessen gewidmet. Sei es ein spezialisiertes Taucherlebnis oder eine Hochzeit; eine landwirtschaftliche Tour oder ein Aktivurlaub mit Kanuausfl\u00fcgen, Abseiling, Erkundung der Insel auf Quads. Sei es ein Malerlebnis f\u00fcr Kunstliebhaber oder ein Ausflug durch die Maltesische Gastronomie und Weine, fast nichts ist unm\u00f6glich. \u00dcber die Insel Malta wird gesagt, dass sie f\u00fcr jeden Tag des Jahres eine Kirche hat \u2013 wir k\u00f6nnen Ihnen Einblick geben in das religi\u00f6se Leben der Insel, auf den Spuren des Apostels St. Paul und auch f\u00fcr den Nischenmarkt der Senioren oder Studenten\/Sch\u00fcler bieten wir Programme.<\/h3>\n<h3>Diese speziell kreierten Pakete werden sowohl f\u00fcr Gruppen als auch f\u00fcr Individualreisende angeboten und werden individuell auf die unterschiedlichen Bed\u00fcrfnisse und Anforderungen der Kunden angepasst. Nahezu nichts ist unm\u00f6glich auf den maltesischen Inseln und es w\u00e4re uns ein Vergn\u00fcgen Ihnen und Ihren Kunden die M\u00f6glichkeiten zu zeigen, die wir haben. Teilen Sie uns mit was Sie ben\u00f6tigen und wir liefern Ihnen alle Details.<\/h3>\n<div class=\"spacer\"><\/div><!-- .spacer (end) -->\n<a href=\"sales@robertarrigo.com\" title=\"sales@robertarrigo.com\" class=\"btn btn-primary btn-normal btn-inline blue text-no-transform\" target=\"_self\">sales@robertarrigo.com<\/a><!-- .btn -->\n<\/div>\n<div class=\"spacer\"><\/div><!-- .spacer (end) --><div class=\"spacer\"><\/div><!-- .spacer (end) -->\n<div class=\"content_box bg-standard \">\n<div class=\"title-box clearfix large-title blue-title\"><h2 class=\"title-box_primary\">Explore &amp; discover<\/h2><h3 class=\"title-box_secondary\">Robert Arrigo &amp; Sons Ltd. can provide you with a wide variety of Accommodation and Land Services, different types of Group Travel, possibilities regarding Meeting, Events and Conferences via A+DMC, and Special Interest Travel.<\/h3><\/div><!-- \/\/.title-box -->\n<section class=\"lazy-load-box trigger effect-fade \" data-delay=\"0\" data-speed=\"600\" style=\"-webkit-transition: all 600ms ease; -moz-transition: all 600ms ease; -ms-transition: all 600ms ease; -o-transition: all 600ms ease; transition: all 600ms ease;\">\n<ul class=\"posts-grid row-fluid unstyled posts-grid__style-1 bottom-posts-box ul-item-0\"><li class=\"span3 list-item-1\"><figure class=\"featured-thumbnail thumbnail\"><a title=\"Accommodation &#038; Land Services\"href=\"\/our-services\/accommodation-land-services\/\" rel=\"\"><img decoding=\"async\" src=\"https:\/\/travelservicesmalta.com\/wp-content\/uploads\/2019\/04\/Corinthia_Hotel_StGeorges_Bay_4-260x260.jpg\" alt=\"Accommodation &#038; Land Services\" \/><span class=\"zoom-icon\"><\/span><\/a><\/figure><div class=\"clear\"><\/div><h5><a href=\"\/our-services\/accommodation-land-services\/\" title=\"Accommodation &#038; Land Services\">Accommodation &#038; Land Services<\/a><\/h5><span class=\"subtitle\">Natoque<\/span><div class=\"post_networks\"><ul class=\"clearfix unstyled\"><li class=\"network_0\"><a href=\"https:\/\/www.facebook.com\/travelservicesmalta\/\" title=\"\"><span class=\"icon-facebook\"><\/span><\/a><\/li><\/ul><\/div><div class=\"excerpt\">Robert Arrigo & Sons Ltd. offer a choice of over 100 Hotels, Transfers, 24h Assistance & Excursions.<\/div><a href=\"\/our-services\/accommodation-land-services\/\" class=\"btn btn-primary\" title=\"Accommodation &#038; Land Services\">Mehr info<\/a><\/li><li class=\"span3 list-item-2\"><figure class=\"featured-thumbnail thumbnail\"><a title=\"Meetings &#038; Events\"href=\"\/our-services\/group-travel\/#meetings_events\" rel=\"\"><img decoding=\"async\" src=\"https:\/\/travelservicesmalta.com\/wp-content\/uploads\/2019\/04\/Onsite_Malta__Saluting_Battery-260x260.jpg\" alt=\"Meetings &#038; Events\" \/><span class=\"zoom-icon\"><\/span><\/a><\/figure><div class=\"clear\"><\/div><h5><a href=\"\/our-services\/group-travel\/#meetings_events\" title=\"Meetings &#038; Events\">Meetings &#038; Events<\/a><\/h5><span class=\"subtitle\">Penatibus et magnis<\/span><div class=\"post_networks\"><ul class=\"clearfix unstyled\"><li class=\"network_0\"><a href=\"https:\/\/www.facebook.com\/travelservicesmalta\/\" title=\"\"><span class=\"icon-facebook\"><\/span><\/a><\/li><\/ul><\/div><div class=\"excerpt\">A dedicated team at your service under the brand A+DMC by Robert Arrigo & Sons for M.I.C.E enquiries.<\/div><a href=\"\/our-services\/group-travel\/#meetings_events\" class=\"btn btn-primary\" title=\"Meetings &#038; Events\">Mehr info<\/a><\/li><\/ul>\n<\/section>\n<div class=\"clear\"><\/div><\/div><!-- .content_box (end) -->\n","protected":false},"excerpt":{"rendered":"GRUPPENREISEN Unsere spezialisierte Gruppenreiseabteilung kann jede Art von Gruppenreisen bedienen. Ob es eine Studienreise mit besonderem Flair, ein religi\u00f6ses oder kulturelles Programm, oder ein ma\u00dfgeschneidertes Programm f\u00fcr Gruppen mit speziellen Anforderungen ist, wir k\u00f6nnen mit ausgew\u00e4hlten Angeboten und Transport Logistik ein individuelles Angebot bereitstellen und so Ihre Anforderungen erf\u00fcllen und Ihre Erwartungen \u00fcbertreffen. Wir haben weitreichende Erfahrungen mit Gruppenreisen wie...&nbsp;<a href=\"https:\/\/travelservicesmalta.com\/de\/services-view\/group-travel\/\" class=\"read-more\">Continue Reading<\/a>","protected":false},"author":1,"featured_media":0,"parent":4484,"menu_order":0,"comment_status":"closed","ping_status":"closed","template":"page-fullwidth.php","meta":{"_acf_changed":false,"footnotes":""},"class_list":["post-4571","page","type-page","status-publish","hentry"],"acf":[],"_links":{"self":[{"href":"https:\/\/travelservicesmalta.com\/de\/wp-json\/wp\/v2\/pages\/4571","targetHints":{"allow":["GET"]}}],"collection":[{"href":"https:\/\/travelservicesmalta.com\/de\/wp-json\/wp\/v2\/pages"}],"about":[{"href":"https:\/\/travelservicesmalta.com\/de\/wp-json\/wp\/v2\/types\/page"}],"author":[{"embeddable":true,"href":"https:\/\/travelservicesmalta.com\/de\/wp-json\/wp\/v2\/users\/1"}],"replies":[{"embeddable":true,"href":"https:\/\/travelservicesmalta.com\/de\/wp-json\/wp\/v2\/comments?post=4571"}],"version-history":[{"count":8,"href":"https:\/\/travelservicesmalta.com\/de\/wp-json\/wp\/v2\/pages\/4571\/revisions"}],"predecessor-version":[{"id":4589,"href":"https:\/\/travelservicesmalta.com\/de\/wp-json\/wp\/v2\/pages\/4571\/revisions\/4589"}],"up":[{"embeddable":true,"href":"https:\/\/travelservicesmalta.com\/de\/wp-json\/wp\/v2\/pages\/4484"}],"wp:attachment":[{"href":"https:\/\/travelservicesmalta.com\/de\/wp-json\/wp\/v2\/media?parent=4571"}],"curies":[{"name":"wp","href":"https:\/\/api.w.org\/{rel}","templated":true}]}}