{"id":4559,"date":"2016-02-18T12:41:05","date_gmt":"2016-02-18T12:41:05","guid":{"rendered":"https:\/\/travelservicesmalta.com\/\/\/our-services\/accommodation-land-services\/"},"modified":"2016-04-14T07:03:30","modified_gmt":"2016-04-14T06:03:30","slug":"accommodation-land-services","status":"publish","type":"page","link":"https:\/\/travelservicesmalta.com\/de\/our-services\/accommodation-land-services\/","title":{"rendered":"Unterk\u00fcnfte &#038; Leistungen vor Ort"},"content":{"rendered":"<section class=\"parallax-box parallax-box__style-1 margin-t-n\"><div class=\"parallax-content\"><\/div><div data-speed=\"3\" class=\"parallax-bg\" style=\"background:url('accommodation-land-services.jpg') no-repeat center 0; left:50%; margin-left:-960px; width:1920px\"><\/div><\/section>\n<div class=\"text-box\">\n<h1 class=\"text-blue\">Unterk\u00fcnfte & Leistungen vor Ort<\/h1>\n<h2>Unterk\u00fcnfte<\/h2>\n<p>Robert Arrigo & Sons Ltd. bietet seinen Kunden eine Vielzahl an Leistungen auf Malta an, wobei die Unterbringung der G\u00e4ste eine der Haupts\u00e4ulen dieser Leistungen ist. Sei es ein Apartment mit Selbstverpflegung oder ein hochwertiges Boutique-Hotel, ein familienfreundliches Club Hotel mit Animation und All-Inclusive oder ein zentrales, familiengef\u00fchrtes Hotel f\u00fcr einen Kurzurlaub - Robert Arrigo & Sons Ltd. hat garantiert das passende Angebot f\u00fcr alle Vorlieben und Anspr\u00fcche.<\/p>\n<h3>F\u00fcr einen \u00dcberblick \u00fcber verschiedene Unterk\u00fcnfte k\u00f6nnen Sie unsere Broch\u00fcre runterladen:<\/h3>\n<div class=\"spacer\"><\/div><!-- .spacer (end) -->\n<div class=\"spacer\"><\/div><!-- .spacer (end) -->\n<div class=\"content_box bg-primary text-center \">\n<a target=\"_blank\" href=\"\/wp-content\/uploads\/2016\/04\/robert_arrigo_brochure_2014-2015.pdf\"><img loading=\"lazy\" decoding=\"async\" class=\"margin-t-n-40 aligncenter wp-image-4006 size-full\" src=\"https:\/\/travelservicesmalta.com\/\/\/wp-content\/uploads\/2016\/03\/malta-gozo-brochure.png\" alt=\"malta-gozo-brochure\" width=\"596\" height=\"310\" srcset=\"https:\/\/travelservicesmalta.com\/wp-content\/uploads\/2016\/03\/malta-gozo-brochure.png 596w, https:\/\/travelservicesmalta.com\/wp-content\/uploads\/2016\/03\/malta-gozo-brochure-300x156.png 300w\" sizes=\"auto, (max-width: 596px) 100vw, 596px\" \/><\/a><\/p>\n<h3 class=\"text-no-transform\">Suchen Sie nach einem ganz bestimmten Hotel, wird Ihnen unsere Suchmaschine weiterhelfen:<\/h3>\n<div class=\"spacer\"><\/div><!-- .spacer (end) -->\n<a href=\"#\" title=\"B2B Portal zu erhalten\" class=\"btn btn-primary btn-primary btn-inline lg white text-no-transform\" target=\"_self\">B2B Portal zu erhalten<\/a><!-- .btn -->\n<div class=\"spacer\"><\/div><!-- .spacer (end) -->\n<div class=\"spacer\"><\/div><!-- .spacer (end) -->\n<div class=\"clear\"><\/div><\/div><!-- .content_box (end) -->\n<div class=\"clearfix\"><\/div>\n<div class=\"spacer\"><\/div><!-- .spacer (end) -->\n<div class=\"spacer\"><\/div><!-- .spacer (end) -->\n<h2 class=\"text-orange margin-b-30\">Dienstleistungen vor Ort<\/h2>\n<h4><strong>Conference, Meetings, Seminars? One choice A+DMC in MALTA.<\/strong><\/h4>\n<p>Um das breite Angebot an Unterkunftsm\u00f6glichkeiten abzurunden, bietet unser Unternehmen zudem ein weitreichendes Expertenwissen \u00fcber die maltesischen Inseln an. Mit Robert Arrigo & Sons Ltd. als ausgew\u00e4hlter Partner f\u00fcr die maltesischen Inseln kommen Ihre Kunden in den Genuss unserer Transport Logistik, sei es ein einfacher Flughafentransfer oder eine Limousine zum Hotel.  <\/p>\n<p>Auf Malta angekommen werden Ihre Kunden von unseren mehrsprachigen Urlaubsrepr\u00e4sentanten begr\u00fc\u00dft und mit n\u00fctzlichen Informationen versorgt, sowie bei Bedarf betreut. W\u00e4hrend den B\u00fcrozeiten bieten wir einen kostenlosen Telefonkontakt an (800 737 13, Mon-Frei von 10 Uhr bis 17 Uhr). Neben diesem freien Telefonservice ist jedem Gast zudem ein Repr\u00e4sentant zugewiesen, der zur Verf\u00fcgung stehen kann.<\/p>\n<p>Um auch wirklich DIE Anlaufstelle f\u00fcr Sie und Ihre Kunden zu sein, bietet Robert Arrigo & Sons Ltd. au\u00dferdem Ausflugsprogramme in die Region, die eigens vom Unternehmen zusammengestellt werden. Mit garantierter Durchf\u00fchrung der Programme an 365 Tagen. F\u00fcr die individuellen Anspr\u00fcche Ihrer G\u00e4ste werden Ausfl\u00fcge in englisch, franz\u00f6sisch, italienisch und deutsch angeboten, sowie ma\u00dfgeschneiderte Angebote f\u00fcr Gruppen.<br \/>\n<div class=\"spacer\"><\/div><!-- .spacer (end) -->\n<a href=\"#\" title=\"In unserem B2B Portal k\u00f6nnen Sie die verschiedenen M\u00f6glichkeiten erkunden.\" class=\"btn btn-primary btn-normal btn-inline lg text-no-transform\" target=\"_self\">In unserem B2B Portal k\u00f6nnen Sie die verschiedenen M\u00f6glichkeiten erkunden.<\/a><!-- .btn -->\n<div class=\"spacer\"><\/div><!-- .spacer (end) -->\n<\/div>\n","protected":false},"excerpt":{"rendered":"Unterk\u00fcnfte &#038; Leistungen vor Ort Unterk\u00fcnfte Robert Arrigo &#038; Sons Ltd. bietet seinen Kunden eine Vielzahl an Leistungen auf Malta an, wobei die Unterbringung der G\u00e4ste eine der Haupts\u00e4ulen dieser Leistungen ist. Sei es ein Apartment mit Selbstverpflegung oder ein hochwertiges Boutique-Hotel, ein familienfreundliches Club Hotel mit Animation und All-Inclusive oder ein zentrales, familiengef\u00fchrtes Hotel f\u00fcr einen Kurzurlaub - Robert&nbsp;<a href=\"https:\/\/travelservicesmalta.com\/de\/our-services\/accommodation-land-services\/\" class=\"read-more\">Continue Reading<\/a>","protected":false},"author":1,"featured_media":0,"parent":4484,"menu_order":0,"comment_status":"closed","ping_status":"closed","template":"page-fullwidth.php","meta":{"_acf_changed":false,"footnotes":""},"class_list":["post-4559","page","type-page","status-publish","hentry"],"acf":[],"_links":{"self":[{"href":"https:\/\/travelservicesmalta.com\/de\/wp-json\/wp\/v2\/pages\/4559","targetHints":{"allow":["GET"]}}],"collection":[{"href":"https:\/\/travelservicesmalta.com\/de\/wp-json\/wp\/v2\/pages"}],"about":[{"href":"https:\/\/travelservicesmalta.com\/de\/wp-json\/wp\/v2\/types\/page"}],"author":[{"embeddable":true,"href":"https:\/\/travelservicesmalta.com\/de\/wp-json\/wp\/v2\/users\/1"}],"replies":[{"embeddable":true,"href":"https:\/\/travelservicesmalta.com\/de\/wp-json\/wp\/v2\/comments?post=4559"}],"version-history":[{"count":4,"href":"https:\/\/travelservicesmalta.com\/de\/wp-json\/wp\/v2\/pages\/4559\/revisions"}],"predecessor-version":[{"id":4598,"href":"https:\/\/travelservicesmalta.com\/de\/wp-json\/wp\/v2\/pages\/4559\/revisions\/4598"}],"up":[{"embeddable":true,"href":"https:\/\/travelservicesmalta.com\/de\/wp-json\/wp\/v2\/pages\/4484"}],"wp:attachment":[{"href":"https:\/\/travelservicesmalta.com\/de\/wp-json\/wp\/v2\/media?parent=4559"}],"curies":[{"name":"wp","href":"https:\/\/api.w.org\/{rel}","templated":true}]}}