{"id":4489,"date":"2016-02-18T12:44:07","date_gmt":"2016-02-18T12:44:07","guid":{"rendered":"https:\/\/travelservicesmalta.com\/\/\/the-company-2\/"},"modified":"2017-02-15T18:02:50","modified_gmt":"2017-02-15T18:02:50","slug":"the-company","status":"publish","type":"page","link":"https:\/\/travelservicesmalta.com\/de\/the-company\/","title":{"rendered":"Das Unternehmen"},"content":{"rendered":"<section class=\"parallax-box parallax-box__style-1 margin-t-n\"><div class=\"parallax-content\"><\/div><div data-speed=\"3\" class=\"parallax-bg\" style=\"background:url('company-top.jpg') no-repeat center 0; left:50%; margin-left:-960px; width:1920px\"><\/div><\/section>\n<h1 class=\"text-orange\">Das Unternehmen<\/h1>\n<div class=\"text-box\">\n<h2 class=\"margin-b-20\">\u00dcber Uns<\/h2>\n<p>In 1973 gegr\u00fcndet, hat sich Robert Arrigo &amp; Sons Ltd. zu einem namhaften Partner f\u00fcr seine Kunden etabliert und z\u00e4hlt nicht nur als eine Incoming-Agentur unter Vielen. Zu den Gesch\u00e4ftspartnern z\u00e4hlen bekannte Reiseveranstalter aus ganz Europa, mit denen wir Seite an Seite arbeiten und so Gewinne erzielen, wenn es darum geht, dass Reiseziel Malta zu vermarkten.<\/p>\n<p>\u00dcber 1,5 Millionen G\u00e4ste haben Malta seit 1973 unter der Organisation von Robert Arrigo &amp; Sons bereits besucht, was uns zu einem der f\u00fchrenden Unternehmen in de Maltesischen Tourismusbranche macht. Von individuellen, ma\u00dfgeschneiderten Programmen, \u00fcber Reisen mit besonderen Interessen, Charter Unernehmungen, ad-hoc anfragen und Gruppen Programmierungen, bis hin zu Leistungen f\u00fcr den MICE-Markt mit einer spezialisierten Abteilung \u2013 unser engagiertes, mehrsprachiges Team mit \u00fcber 45 Reisespezialisten, die jeweils auf die unterschiedlichen Bereiche spezialisiert sind, freut sich darauf, Sie bei Ihren Anfragen zu unterst\u00fctzen.<\/p>\n<p>Viele der Leistungen, wie z. B. Bef\u00f6rderungsmittel und Ausfl\u00fcge werden direkt bei uns im Unternehmen zusammengestellt. Ein ausgebildetes Team an Urlaubs-Repr\u00e4sentanten wird den Kunden bei seinen\/ihren t\u00e4glichen Fragen und Belangen zur Seite stehen und hilft bei der Auswahl von Ausfl\u00fcgen, die t\u00e4glich, im Winter wie im Sommer, in verschiedenen Sprachen verf\u00fcgbar sind.<\/p>\n<p>Um das Ganze abzurunden, haben wir erst vor Kurzem in die neuste Technik investiert, die dem derzeitigen Trend der Tourismusindustrie entspricht. Wir k\u00f6nnen uns damit r\u00fchmen, die erste Incomin-Agentur Maltas zu sein, die ein System eingef\u00fchrt hat, welches es den Kunden erm\u00f6glicht direkten Zugang zu unseren Produkten durch XML Einbindung zu gewinnne, ein personalisiertes und passwortgesch\u00fctztes, internetbasiertes B2B Buchungsportal. Der Vorteil hierdurch ist, dass man in nur wenigen Sekunden eine R\u00fcckmeldung erh\u00e4lt und so Anfragen schneller in Buchungen umgewandelt werden k\u00f6nnen.<\/p>\n<p>Mit ihrer Wahl, sich an Robert Arrigo &amp; Sons Ltd. zu binden, garantieren wir Ihnen schnelle und zuverl\u00e4ssige Leistungen. Wir freuen uns darauf, Sie und Ihre Kunden auf unserer sch\u00f6nen Inseln Malta, Gozo und Comino willkommen zu hei\u00dfen!<\/p>\n<div class=\"share-box inline-block margin-b-0\">\n<p><span class=\"cursor-pointer i-share pull-left\">Share this<\/span><\/p>\n<\/div>\n<\/div>\n<p><!--[cherry_parallax image=\"the-team.jpg\" custom_class=\"parallax-box__style-1 x2\"][\/cherry_parallax] --><\/p>\n<div class=\"full-box bg-standard\">\n<p><img loading=\"lazy\" decoding=\"async\" class=\"aligncenter size-full wp-image-4228\" src=\"https:\/\/travelservicesmalta.com\/\/\/wp-content\/uploads\/2016\/02\/the-team-c.jpg\" alt=\"the-team-c\" width=\"1920\" height=\"770\" srcset=\"https:\/\/travelservicesmalta.com\/wp-content\/uploads\/2016\/02\/the-team-c.jpg 1920w, https:\/\/travelservicesmalta.com\/wp-content\/uploads\/2016\/02\/the-team-c-300x120.jpg 300w, https:\/\/travelservicesmalta.com\/wp-content\/uploads\/2016\/02\/the-team-c-768x308.jpg 768w, https:\/\/travelservicesmalta.com\/wp-content\/uploads\/2016\/02\/the-team-c-1024x411.jpg 1024w\" sizes=\"auto, (max-width: 1920px) 100vw, 1920px\" \/><div class=\"spacer\"><\/div><!-- .spacer (end) --><div class=\"spacer\"><\/div><!-- .spacer (end) -->\n<div class=\"text-box margin-b-0\">\n<h2 class=\"text-blue\">Das Unternehmen<\/h2>\n<h3 class=\"font-300\">Robert Arrigo &amp; Sons Ltd. besch\u00e4ftigt 40 Vollzeitarbeitskr\u00e4fte, die auf ihren jeweiligen Zust\u00e4ndigkeitsbereich spezialisiert sind. Wir freuen uns darauf, Ihnen unsere Leistungen anzubieten! Senden Sie uns Ihre Anfrage und wir werden Ihnen alle notwendigen Details liefern.<\/h3>\n<h3 class=\"font-300\">Im Folgenden finden Sie einige Kontaktdaten, die Ihnen bei Ihren Anfragen weiterhelfen werden.<\/h3>\n<\/div>\n<\/div>\n","protected":false},"excerpt":{"rendered":"Das Unternehmen \u00dcber Uns In 1973 gegr\u00fcndet, hat sich Robert Arrigo &amp; Sons Ltd. zu einem namhaften Partner f\u00fcr seine Kunden etabliert und z\u00e4hlt nicht nur als eine Incoming-Agentur unter Vielen. Zu den Gesch\u00e4ftspartnern z\u00e4hlen bekannte Reiseveranstalter aus ganz Europa, mit denen wir Seite an Seite arbeiten und so Gewinne erzielen, wenn es darum geht, dass Reiseziel Malta zu vermarkten.&nbsp;<a href=\"https:\/\/travelservicesmalta.com\/de\/the-company\/\" class=\"read-more\">Continue Reading<\/a>","protected":false},"author":1,"featured_media":0,"parent":0,"menu_order":0,"comment_status":"closed","ping_status":"closed","template":"page-team.php","meta":{"_acf_changed":false,"footnotes":""},"class_list":["post-4489","page","type-page","status-publish","hentry"],"acf":[],"_links":{"self":[{"href":"https:\/\/travelservicesmalta.com\/de\/wp-json\/wp\/v2\/pages\/4489","targetHints":{"allow":["GET"]}}],"collection":[{"href":"https:\/\/travelservicesmalta.com\/de\/wp-json\/wp\/v2\/pages"}],"about":[{"href":"https:\/\/travelservicesmalta.com\/de\/wp-json\/wp\/v2\/types\/page"}],"author":[{"embeddable":true,"href":"https:\/\/travelservicesmalta.com\/de\/wp-json\/wp\/v2\/users\/1"}],"replies":[{"embeddable":true,"href":"https:\/\/travelservicesmalta.com\/de\/wp-json\/wp\/v2\/comments?post=4489"}],"version-history":[{"count":3,"href":"https:\/\/travelservicesmalta.com\/de\/wp-json\/wp\/v2\/pages\/4489\/revisions"}],"predecessor-version":[{"id":4998,"href":"https:\/\/travelservicesmalta.com\/de\/wp-json\/wp\/v2\/pages\/4489\/revisions\/4998"}],"wp:attachment":[{"href":"https:\/\/travelservicesmalta.com\/de\/wp-json\/wp\/v2\/media?parent=4489"}],"curies":[{"name":"wp","href":"https:\/\/api.w.org\/{rel}","templated":true}]}}